{"id":12,"date":"2017-09-24T18:59:55","date_gmt":"2017-09-24T16:59:55","guid":{"rendered":"http:\/\/skola-zdar.eu\/ms\/?page_id=12"},"modified":"2025-09-15T10:41:27","modified_gmt":"2025-09-15T08:41:27","slug":"skolni-rad","status":"publish","type":"page","link":"https:\/\/skola-zdar.cz\/ms\/skolni-rad\/","title":{"rendered":"\u0160koln\u00ed a provozn\u00ed \u0159\u00e1d"},"content":{"rendered":"<ul>\n<li><strong><a href=\"https:\/\/skola-zdar.cz\/ms\/wp-content\/uploads\/2025\/09\/ms_skolni_rad.pdf\" target=\"_blank\" rel=\"noopener\">\u0160koln\u00ed \u0159\u00e1d Mate\u0159sk\u00e9 \u0161koly<\/a><\/strong><\/li>\n<li><strong><a href=\"https:\/\/skola-zdar.cz\/ms\/wp-content\/uploads\/2025\/09\/provozni-rad-25-1-2018.pdf\" target=\"_blank\" rel=\"noopener\">Provozn\u00ed \u0159\u00e1d Mate\u0159sk\u00e9 \u0161koly Doubrava<\/a><\/strong><\/li>\n<li><strong><a href=\"https:\/\/skola-zdar.cz\/ms\/wp-content\/uploads\/2024\/09\/provozni-rad-skolni-zahrady-2024.pdf\" target=\"_blank\" rel=\"noopener\">Provozn\u00ed \u0159\u00e1d \u0161koln\u00ed zahrady<\/a><\/strong><\/li>\n<\/ul>\n","protected":false},"excerpt":{"rendered":"<p>\u0160koln\u00ed \u0159\u00e1d Mate\u0159sk\u00e9 \u0161koly Provozn\u00ed \u0159\u00e1d Mate\u0159sk\u00e9 \u0161koly Doubrava Provozn\u00ed \u0159\u00e1d \u0161koln\u00ed zahrady<\/p>\n","protected":false},"author":1,"featured_media":0,"parent":0,"menu_order":0,"comment_status":"closed","ping_status":"closed","template":"","meta":[],"_links":{"self":[{"href":"https:\/\/skola-zdar.cz\/ms\/wp-json\/wp\/v2\/pages\/12"}],"collection":[{"href":"https:\/\/skola-zdar.cz\/ms\/wp-json\/wp\/v2\/pages"}],"about":[{"href":"https:\/\/skola-zdar.cz\/ms\/wp-json\/wp\/v2\/types\/page"}],"author":[{"embeddable":true,"href":"https:\/\/skola-zdar.cz\/ms\/wp-json\/wp\/v2\/users\/1"}],"replies":[{"embeddable":true,"href":"https:\/\/skola-zdar.cz\/ms\/wp-json\/wp\/v2\/comments?post=12"}],"version-history":[{"count":19,"href":"https:\/\/skola-zdar.cz\/ms\/wp-json\/wp\/v2\/pages\/12\/revisions"}],"predecessor-version":[{"id":1894,"href":"https:\/\/skola-zdar.cz\/ms\/wp-json\/wp\/v2\/pages\/12\/revisions\/1894"}],"wp:attachment":[{"href":"https:\/\/skola-zdar.cz\/ms\/wp-json\/wp\/v2\/media?parent=12"}],"curies":[{"name":"wp","href":"https:\/\/api.w.org\/{rel}","templated":true}]}}