{"id":25,"date":"2017-09-24T19:05:36","date_gmt":"2017-09-24T17:05:36","guid":{"rendered":"http:\/\/skola-zdar.eu\/ms\/?page_id=25"},"modified":"2019-02-03T23:16:01","modified_gmt":"2019-02-03T22:16:01","slug":"podminky-vzdelavani","status":"publish","type":"page","link":"https:\/\/skola-zdar.cz\/ms\/podminky-vzdelavani\/","title":{"rendered":"Podm\u00ednky vzd\u011bl\u00e1v\u00e1n\u00ed"},"content":{"rendered":"<p>Situov\u00e1n\u00ed interi\u00e9r\u016f M\u0160, osv\u011btlen\u00ed, hygienick\u00e9 z\u00e1zem\u00ed, vybaven\u00ed t\u0159\u00edd a heren odpov\u00edd\u00e1 norm\u00e1m a vyhl\u00e1\u0161k\u00e1m M\u0160MT a OHES i individu\u00e1ln\u00edm pot\u0159eb\u00e1m d\u011bt\u00ed. Estetick\u00e1 \u00farove\u0148 t\u0159\u00edd a heren je na vysok\u00e9 \u00farovni \/neboj\u00edme se tvrdit, \u017ee m\u00e1me nejhez\u010d\u00ed \u0161kolku v&nbsp;\u0161irok\u00e9m okol\u00ed\/.<\/p>\n<p>V\u00fdchovn\u011b vzd\u011bl\u00e1vac\u00ed proces se realizuje ve dvou t\u0159\u00edd\u00e1ch. Ka\u017edou t\u0159\u00eddu je mo\u017eno naplnit do po\u010dtu 27 d\u011bt\u00ed. <!-- Ve \u017dlut\u00e9 t\u0159\u00edd\u011b pe\u010duj\u00ed o d\u011bti Zde\u0148ka Lufinkov\u00e1 s&nbsp; Bc. Eli\u0161kou Plev\u00e1kovou, ve \u0161koln\u00edm roce 2017\/18 i asistentka pedagoga Bc. Diana Kopernick\u00e1. V&nbsp;Zelen\u00e9 t\u0159\u00edd\u011b vedou v\u00fdchovn\u011b vzd\u011bl\u00e1vac\u00ed pr\u00e1ci&nbsp; pan\u00ed u\u010ditelky Jana Bake\u0161ov\u00e1 a Reg\u00edna Vrtalov\u00e1.--><\/p>\n<p>K&nbsp;budov\u011b M\u0160 pat\u0159\u00ed zahrada pln\u011b vyu\u017e\u00edv\u00e1na k&nbsp;pobytu venku. V roce 2015 v m\u011bs\u00edc\u00edch srpnu a z\u00e1\u0159\u00ed jsme byli sv\u011bdky zrodu zcela nov\u00e9 \u0161koln\u00ed zahrady \u2013 Zahrady v p\u0159\u00edrodn\u00edm&nbsp; stylu s mno\u017estv\u00edm nov\u011b vys\u00e1zen\u00fdch strom\u016f, ke\u0159\u016f, kv\u011btin. Vzniklo zde mnoho nov\u00fdch p\u0159\u00edrodn\u00edch hern\u00edch z\u00e1kout\u00ed, byla renovov\u00e1na p\u00edskovi\u0161t\u011b, vybudov\u00e1ny alt\u00e1ny a d\u0159ev\u011bn\u00e9 hern\u00ed prvky, na kopci trojskluzavka,&nbsp; dos\u00e1zeny do les\u00edku listnat\u00e9 stromy, vybudov\u00e1ny bylinkov\u00e9 z\u00e1hony. Celkov\u00e1 rozloha \u0161koln\u00ed zahrady je 10 000 m. Tento ,,R\u00e1j v \u010cesk\u00e9m R\u00e1ji\u201c nejen rozlohou, ale i vybaven\u00edm poskytuje d\u011btem v\u0161estrann\u00fd rozvoj pohybov\u00fd, ale i \u010dinnosti podporuj\u00e9c\u00ed experimentov\u00e1n\u00ed, pozorov\u00e1n\u00ed, upev\u0148ov\u00e1n\u00ed si z\u00edskan\u00fdch dovednost\u00ed,&nbsp; poznatk\u016f a relaxace.<\/p>\n","protected":false},"excerpt":{"rendered":"<p>Situov\u00e1n\u00ed interi\u00e9r\u016f M\u0160, osv\u011btlen\u00ed, hygienick\u00e9 z\u00e1zem\u00ed, vybaven\u00ed t\u0159\u00edd a heren odpov\u00edd\u00e1 norm\u00e1m a vyhl\u00e1\u0161k\u00e1m M\u0160MT a OHES i individu\u00e1ln\u00edm pot\u0159eb\u00e1m d\u011bt\u00ed. Estetick\u00e1 \u00farove\u0148 t\u0159\u00edd a heren je na vysok\u00e9 \u00farovni \/neboj\u00edme se tvrdit, \u017ee m\u00e1me nejhez\u010d\u00ed \u0161kolku v&nbsp;\u0161irok\u00e9m okol\u00ed\/. V\u00fdchovn\u011b vzd\u011bl\u00e1vac\u00ed proces se realizuje ve dvou t\u0159\u00edd\u00e1ch. Ka\u017edou t\u0159\u00eddu je mo\u017eno naplnit do po\u010dtu 27 [&hellip;]<\/p>\n","protected":false},"author":1,"featured_media":0,"parent":0,"menu_order":0,"comment_status":"closed","ping_status":"closed","template":"","meta":[],"_links":{"self":[{"href":"https:\/\/skola-zdar.cz\/ms\/wp-json\/wp\/v2\/pages\/25"}],"collection":[{"href":"https:\/\/skola-zdar.cz\/ms\/wp-json\/wp\/v2\/pages"}],"about":[{"href":"https:\/\/skola-zdar.cz\/ms\/wp-json\/wp\/v2\/types\/page"}],"author":[{"embeddable":true,"href":"https:\/\/skola-zdar.cz\/ms\/wp-json\/wp\/v2\/users\/1"}],"replies":[{"embeddable":true,"href":"https:\/\/skola-zdar.cz\/ms\/wp-json\/wp\/v2\/comments?post=25"}],"version-history":[{"count":2,"href":"https:\/\/skola-zdar.cz\/ms\/wp-json\/wp\/v2\/pages\/25\/revisions"}],"predecessor-version":[{"id":701,"href":"https:\/\/skola-zdar.cz\/ms\/wp-json\/wp\/v2\/pages\/25\/revisions\/701"}],"wp:attachment":[{"href":"https:\/\/skola-zdar.cz\/ms\/wp-json\/wp\/v2\/media?parent=25"}],"curies":[{"name":"wp","href":"https:\/\/api.w.org\/{rel}","templated":true}]}}