{"id":27,"date":"2017-09-24T19:06:36","date_gmt":"2017-09-24T17:06:36","guid":{"rendered":"http:\/\/skola-zdar.eu\/ms\/?page_id=27"},"modified":"2025-08-30T13:37:29","modified_gmt":"2025-08-30T11:37:29","slug":"organizace-vzdelavani","status":"publish","type":"page","link":"https:\/\/skola-zdar.cz\/ms\/organizace-vzdelavani\/","title":{"rendered":"Organizace vzd\u011bl\u00e1v\u00e1n\u00ed"},"content":{"rendered":"<p>Vzd\u011bl\u00e1v\u00e1n\u00ed d\u011bt\u00ed vych\u00e1z\u00ed z\u00a0R\u00e1mcov\u00e9ho vzd\u011bl\u00e1vac\u00edho programu pro p\u0159ed\u0161koln\u00ed vzd\u011bl\u00e1v\u00e1n\u00ed vydan\u00e9ho V\u00fdzkumn\u00fdm pedagogick\u00fdm \u00fastavem Praha. Na z\u00e1klad\u011b R\u00e1mcov\u00e9ho vzd\u011bl\u00e1vac\u00edho programu pro p\u0159ed\u0161koln\u00ed vzd\u011bl\u00e1v\u00e1n\u00ed byl u\u010ditelkami zpracov\u00e1n kurikul\u00e1rn\u00ed dokument &#8211;\u00a0 <a href=\"http:\/\/skola-zdar.cz\/ms\/skolni-vzdelavaci-program\/\">\u0160koln\u00ed vzd\u011bl\u00e1vac\u00ed program<\/a>\u00a0\/ kr\u00e1tce \u0160VP\/. Profilace \u0160VP &#8211;\u00a0prost\u0159ed\u00ed, kde d\u011bt\u00ed \u017eij\u00ed, co je obklopuje \u2013 CHKO \u010cesk\u00fd R\u00e1j se v\u0161emi sv\u00fdmi p\u0159\u00edrodn\u00edmi i historick\u00fdmi kr\u00e1sami, vesnick\u00e9 prost\u0159ed\u00ed s\u00a0tradi\u010dn\u00edmi zvyky a oby\u010deji.<\/p>\n<p>\u0160VP pod n\u00e1zvem ,,Putov\u00e1n\u00ed za sk\u0159\u00edtky a stra\u0161id\u00e9lky \u010cesk\u00e9ho R\u00e1je\u201c, jeho\u017e sou\u010d\u00e1st\u00ed jsou identifika\u010dn\u00ed \u00fadaje o M\u0160, obecn\u00e1 charakteristika, podm\u00ednky vzd\u011bl\u00e1v\u00e1n\u00ed, organizace vzd\u011bl\u00e1v\u00e1n\u00ed, charakteristika vzd\u011bl\u00e1vac\u00edho procesu, vzd\u011bl\u00e1vac\u00ed obsah a evalua\u010dn\u00ed syst\u00e9m, je voln\u011b p\u0159\u00edstupn\u00fd V\u00e1m v\u0161em.Je k\u00a0nahl\u00e9dnut\u00ed, p\u0159\u00edp. zap\u016fj\u010den\u00ed v\u00a0p\u0159eds\u00edni M\u0160 na n\u00e1st\u011bnce p\u0159i vstupu do ka\u017ed\u00e9 t\u0159\u00eddy. Bude sou\u010d\u00e1st\u00ed informac\u00ed pro rodi\u010de na webov\u00fdch str\u00e1nk\u00e1ch Z\u00e1kladn\u00ed \u0161koly \u017d\u010f\u00e1r. Jsme r\u00e1di, kdy\u017e rodi\u010de sleduj\u00ed aktualizaci \u0160VP, p\u0159ipom\u00ednkuj\u00ed ji, obohacuj\u00ed u\u010ditelky o nov\u00e9 n\u00e1pady a aktivity, kter\u00e9 lze realizovat ve v\u00fdchovn\u011b vzd\u011bl\u00e1vac\u00ed pr\u00e1ci s\u00a0d\u011btmi.<\/p>\n","protected":false},"excerpt":{"rendered":"<p>Vzd\u011bl\u00e1v\u00e1n\u00ed d\u011bt\u00ed vych\u00e1z\u00ed z\u00a0R\u00e1mcov\u00e9ho vzd\u011bl\u00e1vac\u00edho programu pro p\u0159ed\u0161koln\u00ed vzd\u011bl\u00e1v\u00e1n\u00ed vydan\u00e9ho V\u00fdzkumn\u00fdm pedagogick\u00fdm \u00fastavem Praha. Na z\u00e1klad\u011b R\u00e1mcov\u00e9ho vzd\u011bl\u00e1vac\u00edho programu pro p\u0159ed\u0161koln\u00ed vzd\u011bl\u00e1v\u00e1n\u00ed byl u\u010ditelkami zpracov\u00e1n kurikul\u00e1rn\u00ed dokument &#8211;\u00a0 \u0160koln\u00ed vzd\u011bl\u00e1vac\u00ed program\u00a0\/ kr\u00e1tce \u0160VP\/. Profilace \u0160VP &#8211;\u00a0prost\u0159ed\u00ed, kde d\u011bt\u00ed \u017eij\u00ed, co je obklopuje \u2013 CHKO \u010cesk\u00fd R\u00e1j se v\u0161emi sv\u00fdmi p\u0159\u00edrodn\u00edmi i historick\u00fdmi kr\u00e1sami, vesnick\u00e9 prost\u0159ed\u00ed [&hellip;]<\/p>\n","protected":false},"author":1,"featured_media":0,"parent":0,"menu_order":0,"comment_status":"closed","ping_status":"closed","template":"","meta":[],"_links":{"self":[{"href":"https:\/\/skola-zdar.cz\/ms\/wp-json\/wp\/v2\/pages\/27"}],"collection":[{"href":"https:\/\/skola-zdar.cz\/ms\/wp-json\/wp\/v2\/pages"}],"about":[{"href":"https:\/\/skola-zdar.cz\/ms\/wp-json\/wp\/v2\/types\/page"}],"author":[{"embeddable":true,"href":"https:\/\/skola-zdar.cz\/ms\/wp-json\/wp\/v2\/users\/1"}],"replies":[{"embeddable":true,"href":"https:\/\/skola-zdar.cz\/ms\/wp-json\/wp\/v2\/comments?post=27"}],"version-history":[{"count":2,"href":"https:\/\/skola-zdar.cz\/ms\/wp-json\/wp\/v2\/pages\/27\/revisions"}],"predecessor-version":[{"id":1884,"href":"https:\/\/skola-zdar.cz\/ms\/wp-json\/wp\/v2\/pages\/27\/revisions\/1884"}],"wp:attachment":[{"href":"https:\/\/skola-zdar.cz\/ms\/wp-json\/wp\/v2\/media?parent=27"}],"curies":[{"name":"wp","href":"https:\/\/api.w.org\/{rel}","templated":true}]}}