{"id":47,"date":"2017-09-24T19:16:57","date_gmt":"2017-09-24T17:16:57","guid":{"rendered":"http:\/\/skola-zdar.eu\/ms\/?page_id=47"},"modified":"2024-09-12T12:34:22","modified_gmt":"2024-09-12T10:34:22","slug":"uplata-za-predskolni-vzdelavani","status":"publish","type":"page","link":"https:\/\/skola-zdar.cz\/ms\/uplata-za-predskolni-vzdelavani\/","title":{"rendered":"\u00daplata za p\u0159ed\u0161koln\u00ed vzd\u011bl\u00e1v\u00e1n\u00ed"},"content":{"rendered":"<p>Z\u0159izovatelem a \u0159editelem \u0161koly byla stanovena v\u00fd\u0161e \u00faplaty za p\u0159ed\u0161koln\u00ed vzd\u011bl\u00e1v\u00e1n\u00ed ve v\u00fd\u0161i <strong>500,- K\u010d<\/strong> za m\u011bs\u00edc pro ka\u017ed\u00e9 d\u00edt\u011b.<br \/>\nTuto \u010d\u00e1stku neplat\u00ed pouze d\u011bti v&nbsp;posledn\u00edm roce p\u0159ed\u0161koln\u00edho vzd\u011bl\u00e1v\u00e1n\u00ed po dobu 12 m\u011bs\u00edc\u016f \/stanoveno z\u00e1konem\/.<\/p>\n","protected":false},"excerpt":{"rendered":"<p>Z\u0159izovatelem a \u0159editelem \u0161koly byla stanovena v\u00fd\u0161e \u00faplaty za p\u0159ed\u0161koln\u00ed vzd\u011bl\u00e1v\u00e1n\u00ed ve v\u00fd\u0161i 500,- K\u010d za m\u011bs\u00edc pro ka\u017ed\u00e9 d\u00edt\u011b. Tuto \u010d\u00e1stku neplat\u00ed pouze d\u011bti v&nbsp;posledn\u00edm roce p\u0159ed\u0161koln\u00edho vzd\u011bl\u00e1v\u00e1n\u00ed po dobu 12 m\u011bs\u00edc\u016f \/stanoveno z\u00e1konem\/.<\/p>\n","protected":false},"author":1,"featured_media":0,"parent":0,"menu_order":0,"comment_status":"closed","ping_status":"closed","template":"","meta":[],"_links":{"self":[{"href":"https:\/\/skola-zdar.cz\/ms\/wp-json\/wp\/v2\/pages\/47"}],"collection":[{"href":"https:\/\/skola-zdar.cz\/ms\/wp-json\/wp\/v2\/pages"}],"about":[{"href":"https:\/\/skola-zdar.cz\/ms\/wp-json\/wp\/v2\/types\/page"}],"author":[{"embeddable":true,"href":"https:\/\/skola-zdar.cz\/ms\/wp-json\/wp\/v2\/users\/1"}],"replies":[{"embeddable":true,"href":"https:\/\/skola-zdar.cz\/ms\/wp-json\/wp\/v2\/comments?post=47"}],"version-history":[{"count":3,"href":"https:\/\/skola-zdar.cz\/ms\/wp-json\/wp\/v2\/pages\/47\/revisions"}],"predecessor-version":[{"id":1714,"href":"https:\/\/skola-zdar.cz\/ms\/wp-json\/wp\/v2\/pages\/47\/revisions\/1714"}],"wp:attachment":[{"href":"https:\/\/skola-zdar.cz\/ms\/wp-json\/wp\/v2\/media?parent=47"}],"curies":[{"name":"wp","href":"https:\/\/api.w.org\/{rel}","templated":true}]}}