{"id":49,"date":"2017-09-24T19:18:03","date_gmt":"2017-09-24T17:18:03","guid":{"rendered":"http:\/\/skola-zdar.eu\/ms\/?page_id=49"},"modified":"2017-09-24T19:18:03","modified_gmt":"2017-09-24T17:18:03","slug":"mimoskolni-aktivity-kulturni-akce-a-prezentace-skoly-na-verejnosti","status":"publish","type":"page","link":"https:\/\/skola-zdar.cz\/ms\/mimoskolni-aktivity-kulturni-akce-a-prezentace-skoly-na-verejnosti\/","title":{"rendered":"Mimo\u0161koln\u00ed aktivity, kulturn\u00ed akce a prezentace \u0161koly na ve\u0159ejnosti"},"content":{"rendered":"<ul>\n<li>mate\u0159sk\u00e1 \u0161kola\u00a0 realizuje focen\u00ed d\u011bt\u00ed n\u011bkolikr\u00e1t za rok \/v\u00a0ka\u017ed\u00e9m ro\u010dn\u00edm obdob\u00ed\/<\/li>\n<li>d\u011bti nav\u0161t\u011bvuj\u00ed divadeln\u00ed p\u0159edstaven\u00ed \/M\u011bstsk\u00e9 divadlo Turnov\/<\/li>\n<li>sleduj\u00ed loutkov\u00e1 p\u0159edstaven\u00ed p\u0159i n\u00e1v\u0161t\u011bv\u011b loutkov\u00fdch divadeln\u00edch spolk\u016f p\u0159\u00edmo v\u00a0mate\u0159sk\u00e9 \u0161kole, stejn\u011b tak p\u0159edstaven\u00ed kouzeln\u00edka,\u00a0 projekci zam\u011b\u0159enou na pozn\u00e1v\u00e1n\u00ed p\u0159\u00edrodn\u00edch kr\u00e1s les\u016f a hor \u010cesk\u00e9ho R\u00e1je a okol\u00ed, p\u0159edstaven\u00ed drav\u00fdch pt\u00e1k\u016f apod.<\/li>\n<li>rodi\u010de a ve\u0159ejnost se m\u016f\u017ee \u00fa\u010dastnit V\u00e1no\u010dn\u00ed bes\u00eddky, bes\u00eddky ke Dni matek, slavnostn\u00edho ukon\u010den\u00ed \u0161koln\u00edho roku s\u00a0rozlou\u010den\u00edm s\u00a0p\u0159ed\u0161kol\u00e1ky<\/li>\n<li>v\u00fdtvarn\u00e9 d\u00edlny podzimn\u00ed, zimn\u00ed a jarn\u00ed v\u00a0mate\u0159sk\u00e9 \u0161kole slou\u017e\u00ed k\u00a0uplatn\u011bn\u00ed v\u00fdtvarn\u00fdch a pracovn\u00edch dovednost\u00ed a zku\u0161enost\u00ed d\u011bt\u00ed spolu s rodi\u010di<\/li>\n<li>nejv\u00edce se d\u011bti t\u011b\u0161\u00ed na \u0161koln\u00ed v\u00fdlety se zam\u011b\u0159en\u00edm na pozn\u00e1v\u00e1n\u00ed \u010cesk\u00e9ho R\u00e1je a okol\u00ed, realizovan\u00e9 v\u00a0pr\u016fb\u011bhu \u0161koln\u00edho roku \/Star\u00e9 Hrady, \u0160\u0165astn\u00e1 zem\u011b \u2013 Radvanovice, Muzeum hra\u010dek \u2013 Troskovice, Trosky, Skaln\u00ed m\u011bsto Sedmihorky, ZOO Liberec, Doksy \u2013 M\u00e1chovo jezero, obora \u017dehrov \u2013 pozorov\u00e1n\u00ed muflon\u016f a da\u0148k\u016f, z\u00e1mek Lou\u010de\u0148 apod.\/<\/li>\n<li>\u00fa\u010dast d\u011bt\u00ed z\u00a0M\u0160 na V\u00edt\u00e1n\u00ed ob\u010d\u00e1nk\u016f organizovan\u00e9m Obecn\u00edm \u00fa\u0159adem \u017d\u010f\u00e1r \/d\u011bti z\u00a0M\u0160 recituj\u00ed a zp\u00edvaj\u00ed nov\u011b narozen\u00fdm ob\u010d\u00e1nk\u016fm\/.<\/li>\n<li>rozsv\u011bcen\u00ed V\u00e1no\u010dn\u00edho stromu spolu s m\u00edstn\u00edmi hasi\u010di<\/li>\n<\/ul>\n","protected":false},"excerpt":{"rendered":"<p>mate\u0159sk\u00e1 \u0161kola\u00a0 realizuje focen\u00ed d\u011bt\u00ed n\u011bkolikr\u00e1t za rok \/v\u00a0ka\u017ed\u00e9m ro\u010dn\u00edm obdob\u00ed\/ d\u011bti nav\u0161t\u011bvuj\u00ed divadeln\u00ed p\u0159edstaven\u00ed \/M\u011bstsk\u00e9 divadlo Turnov\/ sleduj\u00ed loutkov\u00e1 p\u0159edstaven\u00ed p\u0159i n\u00e1v\u0161t\u011bv\u011b loutkov\u00fdch divadeln\u00edch spolk\u016f p\u0159\u00edmo v\u00a0mate\u0159sk\u00e9 \u0161kole, stejn\u011b tak p\u0159edstaven\u00ed kouzeln\u00edka,\u00a0 projekci zam\u011b\u0159enou na pozn\u00e1v\u00e1n\u00ed p\u0159\u00edrodn\u00edch kr\u00e1s les\u016f a hor \u010cesk\u00e9ho R\u00e1je a okol\u00ed, p\u0159edstaven\u00ed drav\u00fdch pt\u00e1k\u016f apod. rodi\u010de a ve\u0159ejnost se m\u016f\u017ee [&hellip;]<\/p>\n","protected":false},"author":1,"featured_media":0,"parent":0,"menu_order":0,"comment_status":"closed","ping_status":"closed","template":"","meta":[],"_links":{"self":[{"href":"https:\/\/skola-zdar.cz\/ms\/wp-json\/wp\/v2\/pages\/49"}],"collection":[{"href":"https:\/\/skola-zdar.cz\/ms\/wp-json\/wp\/v2\/pages"}],"about":[{"href":"https:\/\/skola-zdar.cz\/ms\/wp-json\/wp\/v2\/types\/page"}],"author":[{"embeddable":true,"href":"https:\/\/skola-zdar.cz\/ms\/wp-json\/wp\/v2\/users\/1"}],"replies":[{"embeddable":true,"href":"https:\/\/skola-zdar.cz\/ms\/wp-json\/wp\/v2\/comments?post=49"}],"version-history":[{"count":1,"href":"https:\/\/skola-zdar.cz\/ms\/wp-json\/wp\/v2\/pages\/49\/revisions"}],"predecessor-version":[{"id":50,"href":"https:\/\/skola-zdar.cz\/ms\/wp-json\/wp\/v2\/pages\/49\/revisions\/50"}],"wp:attachment":[{"href":"https:\/\/skola-zdar.cz\/ms\/wp-json\/wp\/v2\/media?parent=49"}],"curies":[{"name":"wp","href":"https:\/\/api.w.org\/{rel}","templated":true}]}}