{"id":7,"date":"2017-09-24T18:56:28","date_gmt":"2017-09-24T16:56:28","guid":{"rendered":"http:\/\/skola-zdar.eu\/ms\/?page_id=7"},"modified":"2025-09-15T10:39:55","modified_gmt":"2025-09-15T08:39:55","slug":"skolni-vzdelavaci-program","status":"publish","type":"page","link":"https:\/\/skola-zdar.cz\/ms\/skolni-vzdelavaci-program\/","title":{"rendered":"\u0160koln\u00ed vzd\u011bl\u00e1vac\u00ed program"},"content":{"rendered":"<ul>\n<li><strong><a href=\"https:\/\/skola-zdar.cz\/ms\/wp-content\/uploads\/2025\/09\/svp-pv-2025-v02.pdf\" target=\"_blank\" rel=\"noopener\">\u0160koln\u00ed vzd\u011bl\u00e1vac\u00ed program<\/a><\/strong><\/li>\n<\/ul>\n","protected":false},"excerpt":{"rendered":"<p>\u0160koln\u00ed vzd\u011bl\u00e1vac\u00ed program<\/p>\n","protected":false},"author":1,"featured_media":0,"parent":0,"menu_order":0,"comment_status":"closed","ping_status":"closed","template":"","meta":[],"_links":{"self":[{"href":"https:\/\/skola-zdar.cz\/ms\/wp-json\/wp\/v2\/pages\/7"}],"collection":[{"href":"https:\/\/skola-zdar.cz\/ms\/wp-json\/wp\/v2\/pages"}],"about":[{"href":"https:\/\/skola-zdar.cz\/ms\/wp-json\/wp\/v2\/types\/page"}],"author":[{"embeddable":true,"href":"https:\/\/skola-zdar.cz\/ms\/wp-json\/wp\/v2\/users\/1"}],"replies":[{"embeddable":true,"href":"https:\/\/skola-zdar.cz\/ms\/wp-json\/wp\/v2\/comments?post=7"}],"version-history":[{"count":17,"href":"https:\/\/skola-zdar.cz\/ms\/wp-json\/wp\/v2\/pages\/7\/revisions"}],"predecessor-version":[{"id":1891,"href":"https:\/\/skola-zdar.cz\/ms\/wp-json\/wp\/v2\/pages\/7\/revisions\/1891"}],"wp:attachment":[{"href":"https:\/\/skola-zdar.cz\/ms\/wp-json\/wp\/v2\/media?parent=7"}],"curies":[{"name":"wp","href":"https:\/\/api.w.org\/{rel}","templated":true}]}}