{"id":1035,"date":"2024-04-17T11:14:57","date_gmt":"2024-04-17T09:14:57","guid":{"rendered":"https:\/\/skola-zdar.cz\/sj\/?page_id=1035"},"modified":"2026-04-17T13:03:46","modified_gmt":"2026-04-17T11:03:46","slug":"jidelni-listek-zs-2","status":"publish","type":"page","link":"https:\/\/skola-zdar.cz\/sj\/jidelni-listek-zs-2\/","title":{"rendered":"J\u00eddeln\u00ed l\u00edstek Z\u0160"},"content":{"rendered":"<p><a href=\"https:\/\/skola-zdar.cz\/sj\/wp-content\/uploads\/2026\/04\/JIDELNI-LISTEK-PRO-ZS-OD-20.4.-DO-24.42026.pdf\">J\u00cdDELN\u00cd L\u00cdSTEK PRO Z\u0160 OD 20.4. DO 24.4,2026<\/a><\/p>\n<p><a href=\"https:\/\/skola-zdar.cz\/sj\/wp-content\/uploads\/2026\/04\/JIDELNI-LISTEK-PRO-ZS-OD-13.4.-DO-17.4.2026-1.pdf\">J\u00cdDELN\u00cd L\u00cdSTEK PRO Z\u0160 OD 13.4. DO 17.4.2026<\/a><\/p>\n<p><a href=\"https:\/\/skola-zdar.cz\/sj\/wp-content\/uploads\/2026\/04\/JIDELNI-LISTEK-PRO-ZS-OD-7.4.-DO-10.4.2026.pdf\">J\u00cdDELN\u00cd L\u00cdSTEK PRO Z\u0160 OD 7.4. DO 10.4.2026<\/a><\/p>\n<p><a href=\"https:\/\/skola-zdar.cz\/sj\/wp-content\/uploads\/2026\/03\/JIDELNI-LISTEK-PRO-ZS-OD-30.3.-DO-1.4.2026.pdf\">J\u00cdDELN\u00cd L\u00cdSTEK PRO Z\u0160 OD 30.3. DO 1.4.2026<\/a><\/p>\n<p><a href=\"https:\/\/skola-zdar.cz\/sj\/wp-content\/uploads\/2026\/03\/JIDELNI-LISTEK-PRO-ZS-OD-23.3.-DO-27.3.2026.pdf\">J\u00cdDELN\u00cd L\u00cdSTEK PRO Z\u0160 OD 23.3. DO 27.3.2026<\/a><\/p>\n<p><a href=\"https:\/\/skola-zdar.cz\/sj\/wp-content\/uploads\/2026\/03\/JIDELNI-LISTEK-PRO-ZS-OD-16.3.-DO-20.3.2026.pdf\">J\u00cdDELN\u00cd L\u00cdSTEK PRO Z\u0160 OD 16.3. DO 20.3.2026<\/a><\/p>\n<p><a href=\"https:\/\/skola-zdar.cz\/sj\/wp-content\/uploads\/2024\/04\/J\u00cdDELN\u00cd-L\u00cdSTEK-PRO-Z\u0160-OD-9.3.-DO-13.3.2026.pdf\">J\u00cdDELN\u00cd L\u00cdSTEK PRO Z\u0160 OD 9.3. DO 13.3.2026<\/a><\/p>\n<p><a href=\"https:\/\/skola-zdar.cz\/sj\/wp-content\/uploads\/2024\/04\/J\u00cdDELN\u00cd-L\u00cdSTEK-PRO-Z\u0160-OD-2.3.-DO-6.3.2026.pdf\">J\u00cdDELN\u00cd L\u00cdSTEK PRO Z\u0160 OD 2.3. DO 6.3.2026<\/a><\/p>\n<p><a href=\"https:\/\/skola-zdar.cz\/sj\/wp-content\/uploads\/2024\/04\/J\u00cdDELN\u00cd-L\u00cdSTEK-PRO-Z\u0160-OD-23.2.DO-27.2.2026.pdf\">J\u00cdDELN\u00cd L\u00cdSTEK PRO Z\u0160 OD 23.2.DO 27.2.2026<\/a><\/p>\n<p><a href=\"https:\/\/skola-zdar.cz\/sj\/wp-content\/uploads\/2024\/04\/J\u00cdDELN\u00cd-L\u00cdSTEK-PRO-Z\u0160-OD-16.2.-DO-20.2.2026.pdf\">J\u00cdDELN\u00cd L\u00cdSTEK PRO Z\u0160 OD 16.2. DO 20.2.2026<\/a><\/p>\n<p><a href=\"https:\/\/skola-zdar.cz\/sj\/wp-content\/uploads\/2024\/04\/J\u00cdDELN\u00cd-L\u00cdSTEK-PRO-Z\u0160-OD-9.2.-DO-13.2.2026.pdf\">J\u00cdDELN\u00cd L\u00cdSTEK PRO Z\u0160 OD 9.2. DO 13.2.2026<\/a><\/p>\n<p><a href=\"https:\/\/skola-zdar.cz\/sj\/wp-content\/uploads\/2024\/04\/J\u00cdDELN\u00cd-L\u00cdSTEK-PRO-Z\u0160-OD-26.1.-DO-30.1.2026.pdf\">J\u00cdDELN\u00cd L\u00cdSTEK PRO Z\u0160 OD 26.1. DO 30.1.2026<\/a><\/p>\n<p><a href=\"https:\/\/skola-zdar.cz\/sj\/wp-content\/uploads\/2024\/04\/J\u00cdDELN\u00cd-L\u00cdSTEK-PRO-Z\u0160-OD-19.1.-DO-23.1.2026-1.pdf\">J\u00cdDELN\u00cd L\u00cdSTEK PRO Z\u0160 OD 19.1. DO 23.1.2026<\/a><\/p>\n<p><a href=\"https:\/\/skola-zdar.cz\/sj\/wp-content\/uploads\/2024\/04\/J\u00cdDELN\u00cd-L\u00cdSTEKI-PRO-Z\u0160-OD-12.1.-DO-16.1.2026.pdf\">J\u00cdDELN\u00cd L\u00cdSTEKI PRO Z\u0160 OD 12.1. DO 16.1.2026<\/a><\/p>\n<p><a href=\"https:\/\/skola-zdar.cz\/sj\/wp-content\/uploads\/2024\/04\/J\u00cdDELN\u00cd-L\u00cdSTEK-PRO-Z\u0160-OD-12.1.-DO-16.1.2026.pdf\">J\u00cdDELN\u00cd L\u00cdSTEK PRO Z\u0160 OD 12.1. DO 16.1.2026<\/a><\/p>\n<p><a href=\"https:\/\/skola-zdar.cz\/sj\/wp-content\/uploads\/2024\/04\/J\u00cdDELN\u00cd-L\u00cdSTEK-PRO-Z\u0160-OD-5.1.-DO-9.1.2026.pdf\">J\u00cdDELN\u00cd L\u00cdSTEK PRO Z\u0160 OD 5.1. DO 9.1.2026<\/a><\/p>\n<p><a href=\"https:\/\/skola-zdar.cz\/sj\/wp-content\/uploads\/2024\/04\/J\u00cdDELN\u00cd-L\u00cdSTEK-PRO-Z\u0160-OD-15.12.-DO-19.12.2025.pdf\">J\u00cdDELN\u00cd L\u00cdSTEK PRO Z\u0160 OD 15.12. DO 19.12.2025<\/a><\/p>\n<p><a href=\"https:\/\/skola-zdar.cz\/sj\/wp-content\/uploads\/2024\/04\/J\u00cdDELN\u00cd-L\u00cdSTEK-PRO-Z\u0160-OD-8.12.-DO-12.12.2025.pdf\">J\u00cdDELN\u00cd L\u00cdSTEK PRO Z\u0160 OD 8.12. DO 12.12.2025<\/a><\/p>\n<p><a href=\"https:\/\/skola-zdar.cz\/sj\/wp-content\/uploads\/2024\/04\/J\u00cdDELN\u00cd-L\u00cdSTEK-PRO-Z\u0160-OD-1.12.-DO-5.12.2025.pdf\">J\u00cdDELN\u00cd L\u00cdSTEK PRO Z\u0160 OD 1.12. DO 5.12.2025<\/a><\/p>\n<p><a href=\"https:\/\/skola-zdar.cz\/sj\/wp-content\/uploads\/2024\/04\/J\u00cdDELN\u00cd-L\u00cdSTEK-PRO-Z\u0160-OD-24.11.-DO-28.11.2025.pdf\">J\u00cdDELN\u00cd L\u00cdSTEK PRO Z\u0160 OD 24.11. DO 28.11.2025<\/a><\/p>\n<p><a href=\"https:\/\/skola-zdar.cz\/sj\/wp-content\/uploads\/2024\/04\/J\u00cdDELN\u00cd-L\u00cdSTEK-PRO-Z\u0160-OD-17.11.-DO-21.11.2025.pdf\">J\u00cdDELN\u00cd L\u00cdSTEK PRO Z\u0160 OD 17.11. DO 21.11.2025<\/a><\/p>\n<p><a href=\"https:\/\/skola-zdar.cz\/sj\/wp-content\/uploads\/2024\/04\/J\u00cdDELN\u00cd-L\u00cdSTEK-PRO-Z\u0160-OD-10.11.-DO-14.11.2025.pdf\">J\u00cdDELN\u00cd L\u00cdSTEK PRO Z\u0160 OD 10.11. DO 14.11.2025<\/a><\/p>\n<p><a href=\"https:\/\/skola-zdar.cz\/sj\/wp-content\/uploads\/2024\/04\/J\u00cdDELN\u00cd-L\u00cdSTEK-PRO-Z\u0160-OD-3.11.-DO-7.11.2025.pdf\">J\u00cdDELN\u00cd L\u00cdSTEK PRO Z\u0160 OD 3.11. DO 7.11.2025<\/a><\/p>\n<p><a href=\"https:\/\/skola-zdar.cz\/sj\/wp-content\/uploads\/2024\/04\/J\u00cdDELN\u00cd-L\u00cdSTEK-PRO-Z\u0160-OD-30.10.-DO-31.10.2025.pdf\">J\u00cdDELN\u00cd L\u00cdSTEK PRO Z\u0160 OD 30.10. DO 31.10.2025<\/a><\/p>\n<p><a href=\"https:\/\/skola-zdar.cz\/sj\/wp-content\/uploads\/2024\/04\/J\u00cdDELN\u00cd-L\u00cdSTEK-PRO-Z\u0160-OD-20.10.-DO-24.10.2025.pdf\">J\u00cdDELN\u00cd L\u00cdSTEK PRO Z\u0160 OD 20.10. DO 24.10.2025<\/a><\/p>\n<p><a href=\"https:\/\/skola-zdar.cz\/sj\/wp-content\/uploads\/2024\/04\/J\u00cdDELN\u00cd-L\u00cdSTEK-PRO-Z\u0160-OD-13.10.-DO-17.10.2025-1.pdf\">J\u00cdDELN\u00cd L\u00cdSTEK PRO Z\u0160 OD 13.10. DO 17.10.2025<\/a><\/p>\n<p><a href=\"https:\/\/skola-zdar.cz\/sj\/wp-content\/uploads\/2024\/04\/J\u00cdDELN\u00cd-L\u00cdSTEK-PRO-Z\u0160-OD-6.10.-DO-10.10.2025-1.pdf\">J\u00cdDELN\u00cd L\u00cdSTEK PRO Z\u0160 OD 6.10. DO 10.10.2025<\/a><\/p>\n<p><a href=\"https:\/\/skola-zdar.cz\/sj\/wp-content\/uploads\/2024\/04\/J\u00cdDELN\u00cd-L\u00cdSWTEK-PRO-Z\u0160-OD-29.9.DO-3.10.2025.pdf\">J\u00cdDELN\u00cd L\u00cdSWTEK PRO Z\u0160 OD 29.9.DO 3.10.2025<\/a><\/p>\n<p><a href=\"https:\/\/skola-zdar.cz\/sj\/wp-content\/uploads\/2024\/04\/J\u00cdDELN\u00cd-L\u00cdSTEK-Z\u0160-OD-22.9.-DO-26.9.2025-1.pdf\">J\u00cdDELN\u00cd L\u00cdSTEK Z\u0160 OD 22.9. DO 26.9.2025<\/a><\/p>\n<p><a href=\"https:\/\/skola-zdar.cz\/sj\/wp-content\/uploads\/2024\/04\/J\u00cdDELN\u00cd-L\u00cdSTEK-PRO-Z\u0160-OD-15.9.-DO-19.9.2025.pdf\">J\u00cdDELN\u00cd L\u00cdSTEK PRO Z\u0160 OD 15.9. DO 19.9.2025<\/a> <a href=\"https:\/\/skola-zdar.cz\/sj\/wp-content\/uploads\/2024\/04\/J\u00cdDELN\u00cd-L\u00cdSTEK-PRO-Z\u0160-OD-8.9.-DO-12.9.2025.pdf\">J\u00cdDELN\u00cd L\u00cdSTEK PRO Z\u0160 OD 8.9. DO 12.9.2025<\/a> <a href=\"https:\/\/skola-zdar.cz\/sj\/wp-content\/uploads\/2024\/04\/J\u00cdDELN\u00cd-L\u00cdSTEK-PRO-Z\u0160-OD-2.9.-DO-5.9.2025.pdf\">J\u00cdDELN\u00cd L\u00cdSTEK PRO Z\u0160 OD 2.9. DO 5.9.2025<\/a> <a href=\"https:\/\/skola-zdar.cz\/sj\/wp-content\/uploads\/2024\/04\/J\u00cdDELN\u00cd-L\u00cdSTEK-PRO-Z\u0160-OD-23.6.-DO-26.6.2025.pdf\">J\u00cdDELN\u00cd L\u00cdSTEK PRO Z\u0160 OD 23.6. DO 26.6.2025<\/a> <a href=\"https:\/\/skola-zdar.cz\/sj\/wp-content\/uploads\/2024\/04\/J\u00cdDELN\u00cd-L\u00cdSTEK-PRO-Z\u0160-OD-16.6.-DO-20.6.2025.pdf\">J\u00cdDELN\u00cd L\u00cdSTEK PRO Z\u0160 OD 16.6. DO 20.6.2025<\/a> <a href=\"https:\/\/skola-zdar.cz\/sj\/wp-content\/uploads\/2024\/04\/J\u00cdDELN\u00cd-L\u00cdSTEK-PRO-Z\u0160-OD-9.6.-DO-13.6.2025.pdf\">J\u00cdDELN\u00cd L\u00cdSTEK PRO Z\u0160 OD 9.6. DO 13.6.2025<\/a> <a href=\"https:\/\/skola-zdar.cz\/sj\/wp-content\/uploads\/2024\/04\/J\u00cdDELN\u00cd-L\u00cdSTEK-Z\u017d-OD-2.6.-DO-6.6.2025.pdf\">J\u00cdDELN\u00cd L\u00cdSTEK Z\u017d OD 2.6. DO 6.6.2025<\/a> <a href=\"https:\/\/skola-zdar.cz\/sj\/wp-content\/uploads\/2024\/04\/J\u00cdDELN\u00cd-L\u00cdSTEK-PRO-Z\u0160-OD-26.5.-DO-30.5.2025.pdf\">J\u00cdDELN\u00cd L\u00cdSTEK PRO Z\u0160 OD 26.5. DO 30.5.2025<\/a> <a href=\"https:\/\/skola-zdar.cz\/sj\/wp-content\/uploads\/2024\/04\/J\u00cdDELN\u00cd-L\u00cdSTEK-PRO-Z\u0160-OD-19.5.-MDO-23.5.2025.pdf\">J\u00cdDELN\u00cd L\u00cdSTEK PRO Z\u0160 OD 19.5. MDO 23.5.2025<\/a> <a href=\"https:\/\/skola-zdar.cz\/sj\/wp-content\/uploads\/2024\/04\/J\u00cdDELN\u00cd-L\u00cdSTEK-PRO-Z\u0160-OD-12.5.-DO-16.5.2025.pdf\">J\u00cdDELN\u00cd L\u00cdSTEK PRO Z\u0160 OD 12.5. DO 16.5.2025<\/a> <a href=\"https:\/\/skola-zdar.cz\/sj\/wp-content\/uploads\/2024\/04\/J\u00cdDELN\u00cd-L\u00cdSTEK-PRO-Z\u0160-OD-5.5.-DO-7.5.2025.pdf\">J\u00cdDELN\u00cd L\u00cdSTEK PRO Z\u0160 OD 5.5. DO 7.5.2025<\/a> <a href=\"https:\/\/skola-zdar.cz\/sj\/wp-content\/uploads\/2024\/04\/J\u00cdDELN\u00cd-L\u00cdSTEK-PRO-Z\u0160-OD-28.4.-DO-2.5.2025.pdf\">J\u00cdDELN\u00cd L\u00cdSTEK PRO Z\u0160 OD 28.4. DO 2.5.2025<\/a> <a href=\"https:\/\/skola-zdar.cz\/sj\/wp-content\/uploads\/2024\/04\/J\u00cdDELN\u00cd-L\u00cdSTEK-Z\u0160-OD-22.4.-DO-25.4.2025.pdf\">J\u00cdDELN\u00cd L\u00cdSTEK Z\u0160 OD 22.4. DO 25.4.2025<\/a> <a href=\"https:\/\/skola-zdar.cz\/sj\/wp-content\/uploads\/2024\/04\/J\u00cdDELN\u00cd-L\u00cdSTEK-PRO-Z\u0160-OD-14.4.-DO-16.4.2025.pdf\">J\u00cdDELN\u00cd L\u00cdSTEK PRO Z\u0160 OD 14.4. DO 16.4.2025<\/a> <a href=\"https:\/\/skola-zdar.cz\/sj\/wp-content\/uploads\/2024\/04\/J\u00cdDELN\u00cd-L\u00cdSTEK-PRO-Z\u0160-OD-7.4.-DO-11.4.2025.pdf\">J\u00cdDELN\u00cd L\u00cdSTEK PRO Z\u0160 OD 7.4. DO 11.4.2025<\/a> <a href=\"https:\/\/skola-zdar.cz\/sj\/wp-content\/uploads\/2024\/04\/J\u00cdDELN\u00cd-L\u00cdSTEK-PRO-Z\u0160-OD-31.3.-DO-4.4.2025-1.pdf\">J\u00cdDELN\u00cd L\u00cdSTEK PRO Z\u0160 OD 31.3. DO 4.4.2025<\/a> <a href=\"https:\/\/skola-zdar.cz\/sj\/wp-content\/uploads\/2024\/04\/J\u00cdDELN\u00cd-L\u00cdSTEK-OD-24.3.-DO-28.3.2025.pdf\">J\u00cdDELN\u00cd L\u00cdSTEK OD 24.3. DO 28.3.2025<\/a> <a href=\"https:\/\/skola-zdar.cz\/sj\/wp-content\/uploads\/2024\/04\/J\u00cdDELN\u00cd-L\u00cdSTEK-PRO-M\u0160-OD-17.3.-DO-21.3.2025.pdf\">J\u00cdDELN\u00cd L\u00cdSTEK PRO M\u0160 OD 17.3. DO 21.3.2025<\/a> <a href=\"https:\/\/skola-zdar.cz\/sj\/wp-content\/uploads\/2024\/04\/J\u00cdDELN\u00cd-L\u00cdSTEK-Z\u0160-OD-3.3.-DO-7.3.2025.pdf\">J\u00cdDELN\u00cd L\u00cdSTEK Z\u0160 OD 3.3. DO 7.3.2025<\/a> <a href=\"https:\/\/skola-zdar.cz\/sj\/wp-content\/uploads\/2024\/04\/J\u00cdDELN\u00cd-L\u00cdSTEK-PRO-Z\u0160-OD-24.2.-DO-28.2.2025.pdf\">J\u00cdDELN\u00cd L\u00cdSTEK PRO Z\u0160 OD 24.2. DO 28.2.2025<\/a> <a href=\"https:\/\/skola-zdar.cz\/sj\/wp-content\/uploads\/2024\/04\/J\u00cdDELN\u00cd-L\u00cdSTEK-PRO-Z\u0160-OD-17.2.-DO-21.2.2025.pdf\">J\u00cdDELN\u00cd L\u00cdSTEK PRO Z\u0160 OD 17.2. DO 21.2.2025<\/a> <a href=\"https:\/\/skola-zdar.cz\/sj\/wp-content\/uploads\/2024\/04\/J\u00cdDELN\u00cd-L\u00cdSTEK-PRO-Z\u0160-OD-10.2.-DO-14.2.2025.pdf\">J\u00cdDELN\u00cd L\u00cdSTEK PRO Z\u0160 OD 10.2. DO 14.2.2025<\/a> <a href=\"https:\/\/skola-zdar.cz\/sj\/wp-content\/uploads\/2024\/04\/J\u00cdDELN\u00cd-L\u00cdSTEK-PRO-Z\u0160-OD-3.2.-DO-7.2.2025.pdf\">J\u00cdDELN\u00cd L\u00cdSTEK PRO Z\u0160 OD 3.2. DO 7.2.2025<\/a> <a href=\"https:\/\/skola-zdar.cz\/sj\/wp-content\/uploads\/2024\/04\/J\u00cdDELN\u00cd-L\u00cdSTEK-Z\u0160-OD-27.1.-DO-30.1.2025.pdf\">J\u00cdDELN\u00cd L\u00cdSTEK Z\u0160 OD 27.1. DO 30.1.2025<\/a> <a href=\"https:\/\/skola-zdar.cz\/sj\/wp-content\/uploads\/2024\/04\/J\u00cdDELN\u00cd-L\u00cdSTEK-PRO-Z\u0160-OD-20.1.-DO-24.1.2025.pdf\">J\u00cdDELN\u00cd L\u00cdSTEK PRO Z\u0160 OD 20.1. DO 24.1.2025<\/a> <a href=\"https:\/\/skola-zdar.cz\/sj\/wp-content\/uploads\/2024\/04\/J\u00cdDELN\u00cd-L\u00cdSTEK-Z\u0160-OD-13.1.DO-17.1.2025.pdf\">J\u00cdDELN\u00cd L\u00cdSTEK Z\u0160 OD 13.1.DO 17.1.2025<\/a> <a href=\"https:\/\/skola-zdar.cz\/sj\/wp-content\/uploads\/2024\/04\/J\u00cdDELN\u00cd-L\u00cdSTEK-PRO-Z\u0160-OD-6.1.-DO-10.1.2025.pdf\">J\u00cdDELN\u00cd L\u00cdSTEK PRO Z\u0160 OD 6.1. DO 10.1.2025<\/a> <a href=\"https:\/\/skola-zdar.cz\/sj\/wp-content\/uploads\/2024\/04\/J\u00cdDELN\u00cd-L\u00cdSTEK-OD-16.12.-DO-30.12.2024.pdf\">J\u00cdDELN\u00cd L\u00cdSTEK OD 16.12. DO 30.12.2024<\/a> <a href=\"https:\/\/skola-zdar.cz\/sj\/wp-content\/uploads\/2024\/04\/J\u00cdDELN\u00cd-L\u00cdSTEK-PRO-Z\u0160-OD-9.12.-DO-13.12.2024.pdf\">J\u00cdDELN\u00cd L\u00cdSTEK PRO Z\u0160 OD 9.12. DO 13.12.2024<\/a> <a href=\"https:\/\/skola-zdar.cz\/sj\/wp-content\/uploads\/2024\/04\/J\u00cdDELN\u00cd-L\u00cdSTEK-PRO-Z\u0160-OD-2.12.-DO-6.12.2024.pdf\">J\u00cdDELN\u00cd L\u00cdSTEK PRO Z\u0160 OD 2.12. DO 6.12.2024<\/a> <a href=\"https:\/\/skola-zdar.cz\/sj\/wp-content\/uploads\/2024\/04\/J\u00cdDELN\u00cd-L\u00cdSTEK-PRO-Z\u0160-OD-25.11.-DO-29.11.2024.pdf\">J\u00cdDELN\u00cd L\u00cdSTEK PRO Z\u0160 OD 25.11. DO 29.11.2024<\/a> <a href=\"https:\/\/skola-zdar.cz\/sj\/wp-content\/uploads\/2024\/04\/J\u00cdDELN\u00cd-L\u00cdSTEK-OD-18.11.-DO-22.11.2024.pdf\">J\u00cdDELN\u00cd L\u00cdSTEK OD 18.11. DO 22.11.2024<\/a> <a href=\"https:\/\/skola-zdar.cz\/sj\/wp-content\/uploads\/2024\/04\/J\u00cdDELN\u00cd-L\u00cdSTEK-Z\u0160-OD-11.11.-DO-15.11.2024.pdf\">J\u00cdDELN\u00cd L\u00cdSTEK Z\u0160 OD 11.11. DO 15.11.2024<\/a> <a href=\"https:\/\/skola-zdar.cz\/sj\/wp-content\/uploads\/2024\/04\/J\u00cdDELN\u00cd-L\u00cdSTEK-Z\u0160-OD-4.11.-DO-8.11.2024.pdf\">J\u00cdDELN\u00cd L\u00cdSTEK Z\u0160 OD 4.11. DO 8.11.2024<\/a> <a href=\"https:\/\/skola-zdar.cz\/sj\/wp-content\/uploads\/2024\/04\/J\u00cdDELN\u00cd-L\u00cdSTEK-Z\u0160-OD-29.10.-DO-1.11.2024.pdf\">J\u00cdDELN\u00cd L\u00cdSTEK Z\u0160 OD 29.10. DO 1.11.2024<\/a> <a href=\"https:\/\/skola-zdar.cz\/sj\/wp-content\/uploads\/2024\/04\/J\u00cdDELN\u00cd-L\u00cdSTEK-PRO-Z\u0160-OD-21.10.A\u017d-25.10.2024.pdf\">J\u00cdDELN\u00cd L\u00cdSTEK PRO Z\u0160 OD 21.10.A\u017d 25.10.202<\/a> <a href=\"https:\/\/skola-zdar.cz\/sj\/wp-content\/uploads\/2024\/04\/J\u00cdDELN\u00cd-L\u00cdSTEK-PRO-Z\u0160-OD-14.10.-DO-18.10.2024.pdf\">J\u00cdDELN\u00cd L\u00cdSTEK PRO Z\u0160 OD 14.10. DO 18.10.2024<\/a> <a href=\"https:\/\/skola-zdar.cz\/sj\/wp-content\/uploads\/2024\/04\/J\u00cdDELN\u00cd-L\u00cdSTEK-PRO-Z\u0160-OD-7.10.-DO-11.10.2024.pdf\">J\u00cdDELN\u00cd L\u00cdSTEK PRO Z\u0160 OD 7.10. DO 11.10.2024<\/a> <a href=\"https:\/\/skola-zdar.cz\/sj\/wp-content\/uploads\/2024\/04\/J\u00cdDELN\u00cd-L\u00cdSTEK-PRO-Z\u0160-OD-30.9.-DO-4.10.2024-2.pdf\">J\u00cdDELN\u00cd L\u00cdSTEK PRO Z\u0160 OD 30.9. DO 4.10.2024<\/a> <a href=\"https:\/\/skola-zdar.cz\/sj\/wp-content\/uploads\/2024\/04\/J\u00cdDELN\u00cd-L\u00cdSTEK-PRO-Z\u0160-OD-23.9.-DO-27.9.2024.pdf\">J\u00cdDELN\u00cd L\u00cdSTEK PRO Z\u0160 OD 23.9. DO 27.9.2024<\/a> <a href=\"https:\/\/skola-zdar.cz\/sj\/wp-content\/uploads\/2024\/04\/J\u00eddeln\u00ed-l\u00edstek-Z\u0160-od-16.9.-do-20.9.2024.pdf\">J\u00eddeln\u00ed l\u00edstek Z\u0160 od 16.9. do 20.9.2024<\/a> <a href=\"https:\/\/skola-zdar.cz\/sj\/wp-content\/uploads\/2024\/04\/J\u00cdDELN\u00cd-L\u00cdSTEK-OD-9.9.-DO-13.9.2024.pdf\">J\u00cdDELN\u00cd L\u00cdSTEK OD 9.9. DO 13.9.2024<\/a> <a href=\"https:\/\/skola-zdar.cz\/sj\/wp-content\/uploads\/2024\/04\/J\u00cdDELN\u00cd-L\u00cdSTEK-OD-3.9.-DO-6.9.2024.pdf\">J\u00cdDELN\u00cd L\u00cdSTEK OD 3.9. DO 6.9.2024<\/a> <a href=\"https:\/\/skola-zdar.cz\/sj\/wp-content\/uploads\/2024\/04\/J\u00cdDELN\u00cd-L\u00cdSTEK-Z\u0160-OD-17.6.-DO-31.6.2024.pdf\">J\u00cdDELN\u00cd L\u00cdSTEK Z\u0160 OD 17.6. DO 31.6.2024<\/a> <a href=\"https:\/\/skola-zdar.cz\/sj\/wp-content\/uploads\/2024\/04\/J\u00cdDELN\u00cd-L\u00cdSTEK-Z\u0160-OD-10.6.-DO-14.6.2024.pdf\">J\u00cdDELN\u00cd L\u00cdSTEK Z\u0160 OD 10.6. DO 14.6.2024<\/a> <a href=\"https:\/\/skola-zdar.cz\/sj\/wp-content\/uploads\/2024\/04\/J\u00cdDELN\u00cd-L\u00cdSTEK-Z\u0160-OD-3.6.-DO-7.6.2024.pdf\">J\u00cdDELN\u00cd L\u00cdSTEK Z\u0160 OD 3.6. DO 7.6.2024<\/a> <a href=\"https:\/\/skola-zdar.cz\/sj\/wp-content\/uploads\/2024\/04\/J\u00cdDELN\u00cd-L\u00cdSTEK-OD-27.5.-DO-31.5.2024.pdf\">J\u00cdDELN\u00cd L\u00cdSTEK OD 27.5. DO 31.5.2024<\/a> <a href=\"https:\/\/skola-zdar.cz\/sj\/wp-content\/uploads\/2024\/04\/img20240521_15160423.pdf\">img20240521_15160423<\/a> <a href=\"https:\/\/skola-zdar.cz\/sj\/wp-content\/uploads\/2024\/04\/J\u00cdDELN\u00cd-L\u00cdSTE-Z\u0160-OD-13.5.-DO-17.5.2024.pdf\">J\u00cdDELN\u00cd L\u00cdSTE Z\u0160 OD 13.5. DO 17.5.2024<\/a> <a href=\"https:\/\/skola-zdar.cz\/sj\/wp-content\/uploads\/2024\/04\/J\u00cdDELN\u00cd-L\u00cdSTEK-Z\u0160-OD-6.5.-DO-10.5.2024-1.pdf\">J\u00cdDELN\u00cd L\u00cdSTEK Z\u0160 OD 6.5. DO 10.5.2024<\/a> <a href=\"https:\/\/skola-zdar.cz\/sj\/wp-content\/uploads\/2024\/04\/J\u00cdDELN\u00cd-L\u00cdSTEK-Z\u0160-OD-29.4.-DO-3.5.2024.pdf\">J\u00cdDELN\u00cd L\u00cdSTEK Z\u0160 OD 29.4. DO 3.5.2024<\/a> <a href=\"https:\/\/skola-zdar.cz\/sj\/wp-content\/uploads\/2024\/04\/J\u00cdDELN\u00cd-L\u00cdSTEK-OD-22.4.-DO-26.4.2024.pdf\">J\u00cdDELN\u00cd L\u00cdSTEK OD 22.4. DO 26.4.2024<\/a><\/p>\n","protected":false},"excerpt":{"rendered":"<p>J\u00cdDELN\u00cd L\u00cdSTEK PRO Z\u0160 OD 20.4. DO 24.4,2026 J\u00cdDELN\u00cd L\u00cdSTEK PRO Z\u0160 OD 13.4. DO 17.4.2026 J\u00cdDELN\u00cd L\u00cdSTEK PRO Z\u0160 OD 7.4. DO 10.4.2026 J\u00cdDELN\u00cd L\u00cdSTEK PRO Z\u0160 OD 30.3. DO 1.4.2026 J\u00cdDELN\u00cd L\u00cdSTEK PRO Z\u0160 OD 23.3. DO 27.3.2026 J\u00cdDELN\u00cd L\u00cdSTEK PRO Z\u0160 OD 16.3. DO 20.3.2026 J\u00cdDELN\u00cd L\u00cdSTEK PRO Z\u0160 OD 9.3. DO [&hellip;]<\/p>\n","protected":false},"author":3,"featured_media":0,"parent":0,"menu_order":0,"comment_status":"closed","ping_status":"closed","template":"","meta":{"footnotes":""},"class_list":["post-1035","page","type-page","status-publish","hentry"],"_links":{"self":[{"href":"https:\/\/skola-zdar.cz\/sj\/wp-json\/wp\/v2\/pages\/1035","targetHints":{"allow":["GET"]}}],"collection":[{"href":"https:\/\/skola-zdar.cz\/sj\/wp-json\/wp\/v2\/pages"}],"about":[{"href":"https:\/\/skola-zdar.cz\/sj\/wp-json\/wp\/v2\/types\/page"}],"author":[{"embeddable":true,"href":"https:\/\/skola-zdar.cz\/sj\/wp-json\/wp\/v2\/users\/3"}],"replies":[{"embeddable":true,"href":"https:\/\/skola-zdar.cz\/sj\/wp-json\/wp\/v2\/comments?post=1035"}],"version-history":[{"count":101,"href":"https:\/\/skola-zdar.cz\/sj\/wp-json\/wp\/v2\/pages\/1035\/revisions"}],"predecessor-version":[{"id":1540,"href":"https:\/\/skola-zdar.cz\/sj\/wp-json\/wp\/v2\/pages\/1035\/revisions\/1540"}],"wp:attachment":[{"href":"https:\/\/skola-zdar.cz\/sj\/wp-json\/wp\/v2\/media?parent=1035"}],"curies":[{"name":"wp","href":"https:\/\/api.w.org\/{rel}","templated":true}]}}