{"id":11,"date":"2017-09-24T23:10:42","date_gmt":"2017-09-24T21:10:42","guid":{"rendered":"https:\/\/skola-zdar.cz\/sj\/?page_id=11"},"modified":"2026-03-05T10:46:56","modified_gmt":"2026-03-05T09:46:56","slug":"vnitrni-rad-skolni-jidelny","status":"publish","type":"page","link":"https:\/\/skola-zdar.cz\/sj\/vnitrni-rad-skolni-jidelny\/","title":{"rendered":"\u0158\u00c1D \u0160KOLN\u00cd J\u00cdDELNY"},"content":{"rendered":"<p><a href=\"https:\/\/skola-zdar.cz\/sj\/wp-content\/uploads\/2017\/09\/Provozn\u00ed-\u0159\u00e1d-\u0160J.pdf\">Provozn\u00ed \u0159\u00e1d \u0160J<\/a><\/p>\n<p>&nbsp;<\/p>\n<p>&nbsp;<\/p>\n","protected":false},"excerpt":{"rendered":"<p>Provozn\u00ed \u0159\u00e1d \u0160J &nbsp; &nbsp;<\/p>\n","protected":false},"author":1,"featured_media":0,"parent":0,"menu_order":0,"comment_status":"closed","ping_status":"closed","template":"","meta":{"footnotes":""},"class_list":["post-11","page","type-page","status-publish","hentry"],"_links":{"self":[{"href":"https:\/\/skola-zdar.cz\/sj\/wp-json\/wp\/v2\/pages\/11","targetHints":{"allow":["GET"]}}],"collection":[{"href":"https:\/\/skola-zdar.cz\/sj\/wp-json\/wp\/v2\/pages"}],"about":[{"href":"https:\/\/skola-zdar.cz\/sj\/wp-json\/wp\/v2\/types\/page"}],"author":[{"embeddable":true,"href":"https:\/\/skola-zdar.cz\/sj\/wp-json\/wp\/v2\/users\/1"}],"replies":[{"embeddable":true,"href":"https:\/\/skola-zdar.cz\/sj\/wp-json\/wp\/v2\/comments?post=11"}],"version-history":[{"count":28,"href":"https:\/\/skola-zdar.cz\/sj\/wp-json\/wp\/v2\/pages\/11\/revisions"}],"predecessor-version":[{"id":1500,"href":"https:\/\/skola-zdar.cz\/sj\/wp-json\/wp\/v2\/pages\/11\/revisions\/1500"}],"wp:attachment":[{"href":"https:\/\/skola-zdar.cz\/sj\/wp-json\/wp\/v2\/media?parent=11"}],"curies":[{"name":"wp","href":"https:\/\/api.w.org\/{rel}","templated":true}]}}