{"id":16,"date":"2017-09-24T23:15:37","date_gmt":"2017-09-24T21:15:37","guid":{"rendered":"https:\/\/skola-zdar.cz\/sj\/?page_id=16"},"modified":"2026-03-05T10:47:38","modified_gmt":"2026-03-05T09:47:38","slug":"prihlaska-ke-stavovani","status":"publish","type":"page","link":"https:\/\/skola-zdar.cz\/sj\/prihlaska-ke-stavovani\/","title":{"rendered":"P\u0159ihl\u00e1\u0161ka ke stavov\u00e1n\u00ed"},"content":{"rendered":"<p><a href=\"https:\/\/skola-zdar.cz\/sj\/wp-content\/uploads\/2017\/09\/P\u0159ihl\u00e1\u0161ka-ke-stravov\u00e1n\u00ed.pdf\">P\u0159ihl\u00e1\u0161ka ke stravov\u00e1n\u00ed<\/a><\/p>\n<p>&nbsp;<\/p>\n<p>&nbsp;<\/p>\n","protected":false},"excerpt":{"rendered":"<p>P\u0159ihl\u00e1\u0161ka ke stravov\u00e1n\u00ed &nbsp; &nbsp;<\/p>\n","protected":false},"author":1,"featured_media":0,"parent":0,"menu_order":0,"comment_status":"closed","ping_status":"closed","template":"","meta":{"footnotes":""},"class_list":["post-16","page","type-page","status-publish","hentry"],"_links":{"self":[{"href":"https:\/\/skola-zdar.cz\/sj\/wp-json\/wp\/v2\/pages\/16","targetHints":{"allow":["GET"]}}],"collection":[{"href":"https:\/\/skola-zdar.cz\/sj\/wp-json\/wp\/v2\/pages"}],"about":[{"href":"https:\/\/skola-zdar.cz\/sj\/wp-json\/wp\/v2\/types\/page"}],"author":[{"embeddable":true,"href":"https:\/\/skola-zdar.cz\/sj\/wp-json\/wp\/v2\/users\/1"}],"replies":[{"embeddable":true,"href":"https:\/\/skola-zdar.cz\/sj\/wp-json\/wp\/v2\/comments?post=16"}],"version-history":[{"count":10,"href":"https:\/\/skola-zdar.cz\/sj\/wp-json\/wp\/v2\/pages\/16\/revisions"}],"predecessor-version":[{"id":1503,"href":"https:\/\/skola-zdar.cz\/sj\/wp-json\/wp\/v2\/pages\/16\/revisions\/1503"}],"wp:attachment":[{"href":"https:\/\/skola-zdar.cz\/sj\/wp-json\/wp\/v2\/media?parent=16"}],"curies":[{"name":"wp","href":"https:\/\/api.w.org\/{rel}","templated":true}]}}