{"id":9,"date":"2017-09-24T23:06:10","date_gmt":"2017-09-24T21:06:10","guid":{"rendered":"https:\/\/skola-zdar.cz\/sj\/?page_id=9"},"modified":"2025-09-03T12:39:48","modified_gmt":"2025-09-03T10:39:48","slug":"kontakty","status":"publish","type":"page","link":"https:\/\/skola-zdar.cz\/sj\/kontakty\/","title":{"rendered":"Kontakty"},"content":{"rendered":"<p><strong>Vedouc\u00ed stravov\u00e1n\u00ed:\u00a0<\/strong><br \/>\nDana Matu\u0161kov\u00e1<\/p>\n<p><strong>Mobiln\u00ed telefon:<\/strong> +420\u00a0737 814 109<\/p>\n<p><strong>E-mail:<\/strong> <a href=\"mailto:dana.matuskova@skola-zdar.cz\">dana.matuskova@skola-zdar.cz<\/a><\/p>\n","protected":false},"excerpt":{"rendered":"<p>Vedouc\u00ed stravov\u00e1n\u00ed:\u00a0 Dana Matu\u0161kov\u00e1 Mobiln\u00ed telefon: +420\u00a0737 814 109 E-mail: dana.matuskova@skola-zdar.cz<\/p>\n","protected":false},"author":1,"featured_media":0,"parent":0,"menu_order":0,"comment_status":"closed","ping_status":"closed","template":"","meta":{"footnotes":""},"class_list":["post-9","page","type-page","status-publish","hentry"],"_links":{"self":[{"href":"https:\/\/skola-zdar.cz\/sj\/wp-json\/wp\/v2\/pages\/9","targetHints":{"allow":["GET"]}}],"collection":[{"href":"https:\/\/skola-zdar.cz\/sj\/wp-json\/wp\/v2\/pages"}],"about":[{"href":"https:\/\/skola-zdar.cz\/sj\/wp-json\/wp\/v2\/types\/page"}],"author":[{"embeddable":true,"href":"https:\/\/skola-zdar.cz\/sj\/wp-json\/wp\/v2\/users\/1"}],"replies":[{"embeddable":true,"href":"https:\/\/skola-zdar.cz\/sj\/wp-json\/wp\/v2\/comments?post=9"}],"version-history":[{"count":12,"href":"https:\/\/skola-zdar.cz\/sj\/wp-json\/wp\/v2\/pages\/9\/revisions"}],"predecessor-version":[{"id":1341,"href":"https:\/\/skola-zdar.cz\/sj\/wp-json\/wp\/v2\/pages\/9\/revisions\/1341"}],"wp:attachment":[{"href":"https:\/\/skola-zdar.cz\/sj\/wp-json\/wp\/v2\/media?parent=9"}],"curies":[{"name":"wp","href":"https:\/\/api.w.org\/{rel}","templated":true}]}}