{"id":1148,"date":"2017-11-20T12:53:16","date_gmt":"2017-11-20T11:53:16","guid":{"rendered":"http:\/\/skola-zdar.eu\/zs\/?page_id=1148"},"modified":"2025-08-30T11:31:00","modified_gmt":"2025-08-30T09:31:00","slug":"dokumenty-ke-stazeni","status":"publish","type":"page","link":"https:\/\/skola-zdar.cz\/zs\/dokumenty-ke-stazeni\/","title":{"rendered":"Formul\u00e1\u0159e ke sta\u017een\u00ed"},"content":{"rendered":"<ul>\n<li><strong><a href=\"https:\/\/skola-zdar.cz\/zs\/wp-content\/uploads\/2017\/11\/zadost-o-uvolneni-2.doc\" rel=\"noopener\">\u017d\u00e1dost o uvoln\u011bn\u00ed z vyu\u010dov\u00e1n\u00ed<\/a><\/strong><\/li>\n<\/ul>\n","protected":false},"excerpt":{"rendered":"<p>\u017d\u00e1dost o uvoln\u011bn\u00ed z vyu\u010dov\u00e1n\u00ed<\/p>\n","protected":false},"author":1,"featured_media":0,"parent":0,"menu_order":0,"comment_status":"closed","ping_status":"closed","template":"","meta":[],"_links":{"self":[{"href":"https:\/\/skola-zdar.cz\/zs\/wp-json\/wp\/v2\/pages\/1148"}],"collection":[{"href":"https:\/\/skola-zdar.cz\/zs\/wp-json\/wp\/v2\/pages"}],"about":[{"href":"https:\/\/skola-zdar.cz\/zs\/wp-json\/wp\/v2\/types\/page"}],"author":[{"embeddable":true,"href":"https:\/\/skola-zdar.cz\/zs\/wp-json\/wp\/v2\/users\/1"}],"replies":[{"embeddable":true,"href":"https:\/\/skola-zdar.cz\/zs\/wp-json\/wp\/v2\/comments?post=1148"}],"version-history":[{"count":9,"href":"https:\/\/skola-zdar.cz\/zs\/wp-json\/wp\/v2\/pages\/1148\/revisions"}],"predecessor-version":[{"id":11917,"href":"https:\/\/skola-zdar.cz\/zs\/wp-json\/wp\/v2\/pages\/1148\/revisions\/11917"}],"wp:attachment":[{"href":"https:\/\/skola-zdar.cz\/zs\/wp-json\/wp\/v2\/media?parent=1148"}],"curies":[{"name":"wp","href":"https:\/\/api.w.org\/{rel}","templated":true}]}}