{"id":11844,"date":"2024-11-27T22:33:57","date_gmt":"2024-11-27T21:33:57","guid":{"rendered":"https:\/\/skola-zdar.eu\/zs\/?page_id=11844"},"modified":"2026-01-09T13:23:31","modified_gmt":"2026-01-09T12:23:31","slug":"vyrocni-zpravy-skoly","status":"publish","type":"page","link":"https:\/\/skola-zdar.cz\/zs\/vyrocni-zpravy-skoly\/","title":{"rendered":"V\u00fdro\u010dn\u00ed zpr\u00e1vy \u0161koly"},"content":{"rendered":"<ul>\n<li><strong><a href=\"https:\/\/skola-zdar.cz\/zs\/wp-content\/uploads\/2026\/01\/vyrocni-zprava-zs-a-ms-zdar-2024-2025.pdf\" target=\"_blank\" rel=\"noopener\">V\u00fdro\u010dn\u00ed zpr\u00e1va Z\u0160 a M\u0160 \u017d\u010f\u00e1r 2024\/2025<\/a><\/strong><\/li>\n<li><strong><a href=\"https:\/\/skola-zdar.cz\/zs\/wp-content\/uploads\/2025\/05\/vz-23-24.pdf\" target=\"_blank\" rel=\"noopener\">V\u00fdro\u010dn\u00ed zpr\u00e1va Z\u0160 a M\u0160 \u017d\u010f\u00e1r 2023\/2024<\/a><\/strong><\/li>\n<\/ul>\n","protected":false},"excerpt":{"rendered":"<p>V\u00fdro\u010dn\u00ed zpr\u00e1va Z\u0160 a M\u0160 \u017d\u010f\u00e1r 2024\/2025 V\u00fdro\u010dn\u00ed zpr\u00e1va Z\u0160 a M\u0160 \u017d\u010f\u00e1r 2023\/2024<\/p>\n","protected":false},"author":1,"featured_media":0,"parent":0,"menu_order":0,"comment_status":"closed","ping_status":"closed","template":"","meta":[],"_links":{"self":[{"href":"https:\/\/skola-zdar.cz\/zs\/wp-json\/wp\/v2\/pages\/11844"}],"collection":[{"href":"https:\/\/skola-zdar.cz\/zs\/wp-json\/wp\/v2\/pages"}],"about":[{"href":"https:\/\/skola-zdar.cz\/zs\/wp-json\/wp\/v2\/types\/page"}],"author":[{"embeddable":true,"href":"https:\/\/skola-zdar.cz\/zs\/wp-json\/wp\/v2\/users\/1"}],"replies":[{"embeddable":true,"href":"https:\/\/skola-zdar.cz\/zs\/wp-json\/wp\/v2\/comments?post=11844"}],"version-history":[{"count":9,"href":"https:\/\/skola-zdar.cz\/zs\/wp-json\/wp\/v2\/pages\/11844\/revisions"}],"predecessor-version":[{"id":11969,"href":"https:\/\/skola-zdar.cz\/zs\/wp-json\/wp\/v2\/pages\/11844\/revisions\/11969"}],"wp:attachment":[{"href":"https:\/\/skola-zdar.cz\/zs\/wp-json\/wp\/v2\/media?parent=11844"}],"curies":[{"name":"wp","href":"https:\/\/api.w.org\/{rel}","templated":true}]}}