{"id":1897,"date":"2018-02-20T21:57:58","date_gmt":"2018-02-20T20:57:58","guid":{"rendered":"http:\/\/skola-zdar.eu\/zs\/?page_id=1897"},"modified":"2025-11-05T21:05:03","modified_gmt":"2025-11-05T20:05:03","slug":"dokumenty","status":"publish","type":"page","link":"https:\/\/skola-zdar.cz\/zs\/dokumenty\/","title":{"rendered":"Dokumenty \u0161koly"},"content":{"rendered":"<ul>\n<li><a href=\"https:\/\/skola-zdar.cz\/zs\/wp-content\/uploads\/2025\/05\/20251-strednedoby-vyhled-rozpoctu-zs-a-ms-zdar-2025-2027-1.pdf\" target=\"_blank\" rel=\"noopener\"><strong>St\u0159edn\u011bdob\u00fd v\u00fdhled rozpo\u010dtu Z\u0160 a M\u0160 \u017d\u010f\u00e1r na roky 2025-2027<\/strong><\/a><b>\u00a0<\/b><em>(form\u00e1t Pdf)<\/em><\/li>\n<li><b><a href=\"https:\/\/skola-zdar.cz\/zs\/wp-content\/uploads\/2022\/09\/svp.zip\">\u0160koln\u00ed vzd\u011bl\u00e1vac\u00ed program &#8211; \u0160VP<\/a>\u00a0<\/b><em>(form\u00e1t: Zip; velikost: 517 kB)<\/em><\/li>\n<li><strong><a href=\"https:\/\/skola-zdar.cz\/zs\/wp-content\/uploads\/2022\/09\/skolni-rad.pdf\" target=\"_blank\" rel=\"noopener\">\u0160koln\u00ed \u0159\u00e1d<\/a>\u00a0<\/strong><em>(form\u00e1t Pdf)<\/em><\/li>\n<li><b><a href=\"https:\/\/skola-zdar.cz\/zs\/wp-content\/uploads\/2024\/09\/provozni-rad-2024.pdf\" target=\"_blank\" rel=\"noopener\">Provozn\u00ed \u0159\u00e1d 2024<\/a>\u00a0<\/b><em>(form\u00e1t Pdf)<\/em><\/li>\n<li><strong><a href=\"https:\/\/skola-zdar.cz\/zs\/wp-content\/uploads\/2021\/10\/svp-sd-2021.pdf\" target=\"_blank\" rel=\"noopener\">\u0160VP \u0160koln\u00ed dru\u017einy<\/a><\/strong><em>\u00a0(form\u00e1t Pdf)<\/em><\/li>\n<li><b><a href=\"https:\/\/skola-zdar.cz\/zs\/wp-content\/uploads\/2022\/09\/vnitrni-rad-skolni-druziny-2022.pdf\" target=\"_blank\" rel=\"noopener\">Vnit\u0159n\u00ed \u0159\u00e1d \u0161koln\u00ed dru\u017einy<\/a>\u00a0<\/b><em>(form\u00e1t Pdf)<\/em><\/li>\n<li><strong><a href=\"https:\/\/skola-zdar.cz\/zs\/wp-content\/uploads\/2025\/11\/organizace-skolniho-roku-2025-2026.pdf\">Organizace \u0161koln\u00edho roku 2025-2026<\/a> <\/strong><em>(form\u00e1t Pdf)<\/em><\/li>\n<\/ul>\n","protected":false},"excerpt":{"rendered":"<p>St\u0159edn\u011bdob\u00fd v\u00fdhled rozpo\u010dtu Z\u0160 a M\u0160 \u017d\u010f\u00e1r na roky 2025-2027\u00a0(form\u00e1t Pdf) \u0160koln\u00ed vzd\u011bl\u00e1vac\u00ed program &#8211; \u0160VP\u00a0(form\u00e1t: Zip; velikost: 517 kB) \u0160koln\u00ed \u0159\u00e1d\u00a0(form\u00e1t Pdf) Provozn\u00ed \u0159\u00e1d 2024\u00a0(form\u00e1t Pdf) \u0160VP \u0160koln\u00ed dru\u017einy\u00a0(form\u00e1t Pdf) Vnit\u0159n\u00ed \u0159\u00e1d \u0161koln\u00ed dru\u017einy\u00a0(form\u00e1t Pdf) Organizace \u0161koln\u00edho roku 2025-2026 (form\u00e1t Pdf)<\/p>\n","protected":false},"author":1,"featured_media":0,"parent":0,"menu_order":0,"comment_status":"closed","ping_status":"closed","template":"","meta":[],"_links":{"self":[{"href":"https:\/\/skola-zdar.cz\/zs\/wp-json\/wp\/v2\/pages\/1897"}],"collection":[{"href":"https:\/\/skola-zdar.cz\/zs\/wp-json\/wp\/v2\/pages"}],"about":[{"href":"https:\/\/skola-zdar.cz\/zs\/wp-json\/wp\/v2\/types\/page"}],"author":[{"embeddable":true,"href":"https:\/\/skola-zdar.cz\/zs\/wp-json\/wp\/v2\/users\/1"}],"replies":[{"embeddable":true,"href":"https:\/\/skola-zdar.cz\/zs\/wp-json\/wp\/v2\/comments?post=1897"}],"version-history":[{"count":30,"href":"https:\/\/skola-zdar.cz\/zs\/wp-json\/wp\/v2\/pages\/1897\/revisions"}],"predecessor-version":[{"id":11939,"href":"https:\/\/skola-zdar.cz\/zs\/wp-json\/wp\/v2\/pages\/1897\/revisions\/11939"}],"wp:attachment":[{"href":"https:\/\/skola-zdar.cz\/zs\/wp-json\/wp\/v2\/media?parent=1897"}],"curies":[{"name":"wp","href":"https:\/\/api.w.org\/{rel}","templated":true}]}}