{"id":1971,"date":"2018-10-02T13:55:25","date_gmt":"2018-10-02T11:55:25","guid":{"rendered":"http:\/\/skola-zdar.eu\/zs\/?page_id=1971"},"modified":"2023-11-13T09:49:02","modified_gmt":"2023-11-13T08:49:02","slug":"skolni-poradenske-centrum","status":"publish","type":"page","link":"https:\/\/skola-zdar.cz\/zs\/skolni-poradenske-centrum\/","title":{"rendered":"\u0160koln\u00ed poradensk\u00e9 pracovi\u0161t\u011b"},"content":{"rendered":"<ul>\n<li>V\u00fdchovn\u00fd poradce: Bc. Krist\u00fdna Adamov\u00e1<\/li>\n<li>Metodik prevence: Jana Hav\u00ed\u0159ov\u00e1<\/li>\n<li>Speci\u00e1ln\u00ed pedagog: Mgr. Josef Halama, Mgr. Monika Fenclov\u00e1<\/li>\n<\/ul>\n","protected":false},"excerpt":{"rendered":"<p>V\u00fdchovn\u00fd poradce: Bc. Krist\u00fdna Adamov\u00e1 Metodik prevence: Jana Hav\u00ed\u0159ov\u00e1 Speci\u00e1ln\u00ed pedagog: Mgr. Josef Halama, Mgr. Monika Fenclov\u00e1<\/p>\n","protected":false},"author":1,"featured_media":0,"parent":0,"menu_order":0,"comment_status":"closed","ping_status":"closed","template":"","meta":[],"_links":{"self":[{"href":"https:\/\/skola-zdar.cz\/zs\/wp-json\/wp\/v2\/pages\/1971"}],"collection":[{"href":"https:\/\/skola-zdar.cz\/zs\/wp-json\/wp\/v2\/pages"}],"about":[{"href":"https:\/\/skola-zdar.cz\/zs\/wp-json\/wp\/v2\/types\/page"}],"author":[{"embeddable":true,"href":"https:\/\/skola-zdar.cz\/zs\/wp-json\/wp\/v2\/users\/1"}],"replies":[{"embeddable":true,"href":"https:\/\/skola-zdar.cz\/zs\/wp-json\/wp\/v2\/comments?post=1971"}],"version-history":[{"count":4,"href":"https:\/\/skola-zdar.cz\/zs\/wp-json\/wp\/v2\/pages\/1971\/revisions"}],"predecessor-version":[{"id":8733,"href":"https:\/\/skola-zdar.cz\/zs\/wp-json\/wp\/v2\/pages\/1971\/revisions\/8733"}],"wp:attachment":[{"href":"https:\/\/skola-zdar.cz\/zs\/wp-json\/wp\/v2\/media?parent=1971"}],"curies":[{"name":"wp","href":"https:\/\/api.w.org\/{rel}","templated":true}]}}