{"id":2671,"date":"2019-02-20T10:17:30","date_gmt":"2019-02-20T09:17:30","guid":{"rendered":"http:\/\/skola-zdar.eu\/zs\/?page_id=2671"},"modified":"2025-03-14T12:59:32","modified_gmt":"2025-03-14T11:59:32","slug":"co-nabizi-nase-skola","status":"publish","type":"page","link":"https:\/\/skola-zdar.cz\/zs\/zapis\/co-nabizi-nase-skola\/","title":{"rendered":"Co nab\u00edz\u00ed na\u0161e \u0161kola"},"content":{"rendered":"<p>Na\u0161e \u0161kola pro \u017e\u00e1ky nab\u00edz\u00ed pln\u011b organizovan\u00fd prvn\u00ed stupe\u0148 vzd\u011bl\u00e1v\u00e1n\u00ed. Vzhledem k men\u0161\u00edm kolektiv\u016fm ve t\u0159\u00edd\u00e1ch je mo\u017en\u00e9 sn\u00e1ze individualizovat v\u00fduku. M\u00e1me zku\u0161enosti se vzd\u011bl\u00e1v\u00e1n\u00edm \u017e\u00e1k\u016f s podp\u016frn\u00fdmi opat\u0159en\u00edmi.<\/p>\n<p>Zapojujeme modern\u00ed trendy do v\u00fduky &#8211; projektov\u00e9 dny, m\u00edstn\u011b zakotven\u00e9 u\u010den\u00ed, u\u010den\u00ed venku, v\u00fduka pro\u017eitkem, veden\u00ed k reflexi a sebereflexi. T\u0159\u00eddy jsou vybaveny interaktivn\u00edmi tabulemi a v\u00fdpo\u010detn\u00ed technikou.<\/p>\n<p>Ve \u0161kole&nbsp;\u017e\u00e1ci&nbsp;za\u017eij\u00ed&nbsp;v\u00fdlety a exkurze, ka\u017ed\u00fd rok p\u0159esp\u00e1n\u00ed ve \u0161kole &#8211; Noc s Andersenem,&nbsp;\u0161koln\u00ed akademii, vyn\u00e1\u0161en\u00ed Morany, v\u00fdlov \u017dabakoru,&nbsp;tvo\u0159iv\u00e9 d\u00edlny, spolupr\u00e1ci&nbsp;s charitativn\u00edmi organizacemi, d\u016fraz na environment\u00e1ln\u00ed v\u00fdchovu, hudebn\u00ed a divadeln\u00ed vystoupen\u00ed, p\u00e9\u010di o na\u0161e \u0161koln\u00ed zv\u00ed\u0159ec\u00ed mazl\u00ed\u010dky atd.<\/p>\n<p>\u0160kola disponuje velkou zahradou s h\u0159i\u0161t\u011bm, kde za p\u0159\u00edzniv\u00e9ho po\u010das\u00ed prob\u00edh\u00e1 v\u00fduka nejen t\u011blesn\u00e9 v\u00fdchovy a \u017e\u00e1ci zde tr\u00e1v\u00ed velkou p\u0159est\u00e1vku.<\/p>\n<p>Nab\u00edz\u00edme \u017e\u00e1k\u016fm \u0161koly pobyt ve \u0161koln\u00ed dru\u017ein\u011b, a to denn\u011b p\u0159ed vyu\u010dov\u00e1n\u00edm od 6:30 do 7:00 a po vyu\u010dov\u00e1n\u00ed od 11:10 do 16:10. V dru\u017ein\u011b se d\u011bti setkaj\u00ed s pracovn\u00edmi i odpo\u010dinkov\u00fdmi aktivitami, \u0161koln\u00edmi i mimo\u0161koln\u00edmi sout\u011b\u017eemi a letn\u00ed pr\u00e1zdninovou hrou.<\/p>\n<p>Samoz\u0159ejmost\u00ed je mo\u017enost stravov\u00e1n\u00ed \u017e\u00e1k\u016f v na\u0161\u00ed \u0161koln\u00ed j\u00eddeln\u011b, kde je na\u0161\u00edm c\u00edlem p\u0159edkl\u00e1dat \u017e\u00e1k\u016fm, vyv\u00e1\u017eenou stravu uva\u0159enou z poctiv\u00fdch kvalitn\u00edch surovin. Na\u0161\u00edm c\u00edlem je pro \u017e\u00e1ky vytvo\u0159it p\u0159\u00edle\u017eitost k sezn\u00e1men\u00ed se s nejr\u016fzn\u011bj\u0161\u00edmi pokrmy a chut\u011bmi. Do j\u00eddla nikoho nenut\u00edme. Po\u017eadujeme, aby \u017e\u00e1ci alespo\u0148 ochutnali, a motivujeme k j\u00eddlu, proto\u017ee je p\u0159inejmen\u0161\u00edm \u0161koda j\u00eddlo vyhazovat. Pracovnice kuchyn\u011b pr\u016fb\u011b\u017en\u011b rozv\u00edj\u00ed sv\u00e9 dovednosti a inovujeme postupy va\u0159en\u00ed i slo\u017een\u00ed j\u00eddeln\u00ed\u010dku.<\/p>\n<p>D\u00e1le \u017e\u00e1k\u016fm nab\u00edz\u00edme z\u00e1jmov\u00e9 krou\u017eky \u2013 Vesel\u00e1 v\u011bda, deskov\u00e9 hry, angli\u010dtina pro \u017e\u00e1ky 1. a 2. t\u0159\u00eddy, sportovn\u00ed hry, krou\u017eek tane\u010dn\u00ed, v\u00fdtvarn\u00fd, atletick\u00fd Nab\u00eddku se sna\u017e\u00edme roz\u0161i\u0159ovat a aktualizujeme j\u00ed v\u017edy v z\u00e1\u0159\u00ed st\u00e1vaj\u00edc\u00edho \u0161koln\u00edho roku.<\/p>\n","protected":false},"excerpt":{"rendered":"<p>Na\u0161e \u0161kola pro \u017e\u00e1ky nab\u00edz\u00ed pln\u011b organizovan\u00fd prvn\u00ed stupe\u0148 vzd\u011bl\u00e1v\u00e1n\u00ed. Vzhledem k men\u0161\u00edm kolektiv\u016fm ve t\u0159\u00edd\u00e1ch je mo\u017en\u00e9 sn\u00e1ze individualizovat v\u00fduku. M\u00e1me zku\u0161enosti se vzd\u011bl\u00e1v\u00e1n\u00edm \u017e\u00e1k\u016f s podp\u016frn\u00fdmi opat\u0159en\u00edmi. Zapojujeme modern\u00ed trendy do v\u00fduky &#8211; projektov\u00e9 dny, m\u00edstn\u011b zakotven\u00e9 u\u010den\u00ed, u\u010den\u00ed venku, v\u00fduka pro\u017eitkem, veden\u00ed k reflexi a sebereflexi. T\u0159\u00eddy jsou vybaveny interaktivn\u00edmi tabulemi a [&hellip;]<\/p>\n","protected":false},"author":1,"featured_media":0,"parent":2674,"menu_order":0,"comment_status":"closed","ping_status":"closed","template":"","meta":[],"_links":{"self":[{"href":"https:\/\/skola-zdar.cz\/zs\/wp-json\/wp\/v2\/pages\/2671"}],"collection":[{"href":"https:\/\/skola-zdar.cz\/zs\/wp-json\/wp\/v2\/pages"}],"about":[{"href":"https:\/\/skola-zdar.cz\/zs\/wp-json\/wp\/v2\/types\/page"}],"author":[{"embeddable":true,"href":"https:\/\/skola-zdar.cz\/zs\/wp-json\/wp\/v2\/users\/1"}],"replies":[{"embeddable":true,"href":"https:\/\/skola-zdar.cz\/zs\/wp-json\/wp\/v2\/comments?post=2671"}],"version-history":[{"count":16,"href":"https:\/\/skola-zdar.cz\/zs\/wp-json\/wp\/v2\/pages\/2671\/revisions"}],"predecessor-version":[{"id":11881,"href":"https:\/\/skola-zdar.cz\/zs\/wp-json\/wp\/v2\/pages\/2671\/revisions\/11881"}],"up":[{"embeddable":true,"href":"https:\/\/skola-zdar.cz\/zs\/wp-json\/wp\/v2\/pages\/2674"}],"wp:attachment":[{"href":"https:\/\/skola-zdar.cz\/zs\/wp-json\/wp\/v2\/media?parent=2671"}],"curies":[{"name":"wp","href":"https:\/\/api.w.org\/{rel}","templated":true}]}}