{"id":2676,"date":"2019-02-20T10:22:12","date_gmt":"2019-02-20T09:22:12","guid":{"rendered":"http:\/\/skola-zdar.eu\/zs\/?page_id=2676"},"modified":"2019-02-20T10:31:13","modified_gmt":"2019-02-20T09:31:13","slug":"schopnosti-a-dovednosti-predskolaka","status":"publish","type":"page","link":"https:\/\/skola-zdar.cz\/zs\/zapis\/schopnosti-a-dovednosti-predskolaka\/","title":{"rendered":"Schopnosti a dovednosti p\u0159ed\u0161kol\u00e1ka"},"content":{"rendered":"<ul>\n<li>zn\u00e1 sv\u00e9 jm\u00e9no a p\u0159\u00edjmen\u00ed, v\u011bk, adresu sv\u00e9ho bydli\u0161t\u011b, jm\u00e9na rodi\u010d\u016f a jejich zam\u011bstn\u00e1n\u00ed (co d\u011blaj\u00ed)<\/li>\n<li>spr\u00e1vn\u011b se vyjad\u0159uje a vyslovuje v\u0161echny hl\u00e1sky<\/li>\n<li>mluv\u00ed cel\u00fdmi v\u011btami, nahlas a z\u0159eteln\u011b<\/li>\n<li>m\u00e1 slovn\u00ed z\u00e1sobu odpov\u00eddaj\u00edc\u00ed v\u011bku<\/li>\n<li>reaguje na pokyny dosp\u011bl\u00e9ho<\/li>\n<li>samostatn\u011b se obl\u00e9k\u00e1 a obouv\u00e1, um\u00ed v\u00e1zat kli\u010dky<\/li>\n<li>dodr\u017euje osobn\u00ed hygienu<\/li>\n<li>pozdrav\u00ed, po\u017e\u00e1d\u00e1, pod\u011bkuje<\/li>\n<li>vydr\u017e\u00ed u dan\u00e9ho \u00fakolu a pr\u00e1ci dokon\u010d\u00ed<\/li>\n<li>je schopen samostatn\u011b pracovat i ve skupin\u011b<\/li>\n<li>respektuje a vykon\u00e1v\u00e1 pokyny u\u010ditele<\/li>\n<\/ul>\n<h3><strong>Matematick\u00e9 p\u0159edstavy:<\/strong><\/h3>\n<ul>\n<li>zn\u00e1 z\u00e1kladn\u00ed geometrick\u00e9 tvary (\u010dtverec, obd\u00e9ln\u00edk, troj\u00faheln\u00edk, kruh)<\/li>\n<li>porovn\u00e1, uspo\u0159\u00e1d\u00e1 a t\u0159\u00edd\u00ed soubory p\u0159edm\u011bt\u016f podle ur\u010dit\u00e9ho pravidla (nap\u0159. podle barvy, velikosti, tvaru, po\u010dtu)<\/li>\n<li>ch\u00e1pe \u010d\u00edselnou \u0159adu v&nbsp;rozsahu prvn\u00ed des\u00edtky<\/li>\n<li>v\u00ed, co v\u00edce, m\u00e9n\u011b, stejn\u011b, prvn\u00ed, posledn\u00ed\u2026..<\/li>\n<\/ul>\n<h3><strong>Dovednosti p\u0159edch\u00e1zej\u00edc\u00ed \u010dten\u00ed a psan\u00ed:<\/strong><\/h3>\n<ul>\n<li>pozn\u00e1 \u010d\u00edslice 1 a\u017e 5, ale nep\u00ed\u0161e je<\/li>\n<li>pozn\u00e1 napsan\u00e9 sv\u00e9 jm\u00e9no (tiskac\u00edmi p\u00edsmeny)<\/li>\n<li>sluchov\u011b rozli\u0161\u00ed za\u010d\u00e1te\u010dn\u00ed a koncov\u00e9 slabiky a hl\u00e1sky ve slovech<\/li>\n<li>rozd\u011bl\u00ed jednoduch\u00e1 slova na slabiky<\/li>\n<li>p\u0159ednese b\u00e1sni\u010dku<\/li>\n<li>zn\u00e1 n\u011bkter\u00e9 poh\u00e1dky, um\u00ed je stru\u010dn\u011b vypr\u00e1v\u011bt, odpov\u00eddat na ot\u00e1zky<\/li>\n<li>spr\u00e1vn\u011b dr\u017e\u00ed tu\u017eku<\/li>\n<li>spr\u00e1vn\u011b sed\u00ed p\u0159i psan\u00ed<\/li>\n<li>prov\u00e1d\u00ed uvol\u0148ovac\u00ed cviky ruky na velk\u00fd form\u00e1t pap\u00edru<\/li>\n<li>pozn\u00e1 z\u00e1kladn\u00ed, dopl\u0148kov\u00e9 barvy a jejich odst\u00edny<\/li>\n<\/ul>\n<h3><strong>Znalosti z okoln\u00edho sv\u011bta d\u00edt\u011bte:<\/strong><\/h3>\n<p><strong>N\u00e1zvy:<\/strong><\/p>\n<ul>\n<li>zv\u00ed\u0159ata: dom\u00e1c\u00ed, lesn\u00ed, exotick\u00e1<\/li>\n<li>ovoce, zelenina, kv\u011btiny, stromy<\/li>\n<li>dopravn\u00ed prost\u0159edky<\/li>\n<li>rodina (\u010dlenov\u00e9 rodiny, vztahy mezi nimi, \u017eivot v&nbsp;rodin\u011b)<\/li>\n<\/ul>\n<p><strong>Pojmy:<\/strong><\/p>\n<ul>\n<li>velikost: mal\u00fd, v\u011bt\u0161\u00ed, nejv\u011bt\u0161\u00ed<\/li>\n<li>\u010dasov\u00e9: v\u010dera, dnes, z\u00edtra, poledne, ve\u010der, den, noc<\/li>\n<li>prostorov\u00e9: bl\u00edzko, daleko, za, pod, nad, mezi, vedle, naho\u0159e, dole, p\u0159ed, vpravo, vlevo, vp\u0159edu, vzadu<\/li>\n<li>ro\u010dn\u00ed obdob\u00ed<\/li>\n<li>dny v&nbsp;t\u00fddnu<\/li>\n<li>p\u0159edm\u011bty denn\u00ed pot\u0159eby<\/li>\n<li>\u010d\u00e1sti lidsk\u00e9ho t\u011bla (nakresl\u00ed postavu se v\u0161emi z\u00e1kladn\u00edmi znaky: hlava, krk, trup, kon\u010detiny, prsty\u2026\u2026.)<\/li>\n<\/ul>\n<h3><strong>Dal\u0161\u00ed \u010dinnosti:<\/strong><\/h3>\n<ul>\n<li>zazp\u00edv\u00e1 p\u00edsni\u010dku<\/li>\n<li>pracuje s&nbsp;n\u016f\u017ekami, um\u00ed vyst\u0159ihnout jednoduch\u00e9 tvary<\/li>\n<li>um\u00ed zach\u00e1zet s&nbsp;v\u00fdtvarn\u00fdmi pom\u016fckami a materi\u00e1ly<\/li>\n<\/ul>\n<p>&nbsp;<br \/>\n&nbsp;<\/p>\n","protected":false},"excerpt":{"rendered":"<p>zn\u00e1 sv\u00e9 jm\u00e9no a p\u0159\u00edjmen\u00ed, v\u011bk, adresu sv\u00e9ho bydli\u0161t\u011b, jm\u00e9na rodi\u010d\u016f a jejich zam\u011bstn\u00e1n\u00ed (co d\u011blaj\u00ed) spr\u00e1vn\u011b se vyjad\u0159uje a vyslovuje v\u0161echny hl\u00e1sky mluv\u00ed cel\u00fdmi v\u011btami, nahlas a z\u0159eteln\u011b m\u00e1 slovn\u00ed z\u00e1sobu odpov\u00eddaj\u00edc\u00ed v\u011bku reaguje na pokyny dosp\u011bl\u00e9ho samostatn\u011b se obl\u00e9k\u00e1 a obouv\u00e1, um\u00ed v\u00e1zat kli\u010dky dodr\u017euje osobn\u00ed hygienu pozdrav\u00ed, po\u017e\u00e1d\u00e1, pod\u011bkuje vydr\u017e\u00ed u dan\u00e9ho [&hellip;]<\/p>\n","protected":false},"author":1,"featured_media":0,"parent":2674,"menu_order":0,"comment_status":"closed","ping_status":"closed","template":"","meta":[],"_links":{"self":[{"href":"https:\/\/skola-zdar.cz\/zs\/wp-json\/wp\/v2\/pages\/2676"}],"collection":[{"href":"https:\/\/skola-zdar.cz\/zs\/wp-json\/wp\/v2\/pages"}],"about":[{"href":"https:\/\/skola-zdar.cz\/zs\/wp-json\/wp\/v2\/types\/page"}],"author":[{"embeddable":true,"href":"https:\/\/skola-zdar.cz\/zs\/wp-json\/wp\/v2\/users\/1"}],"replies":[{"embeddable":true,"href":"https:\/\/skola-zdar.cz\/zs\/wp-json\/wp\/v2\/comments?post=2676"}],"version-history":[{"count":2,"href":"https:\/\/skola-zdar.cz\/zs\/wp-json\/wp\/v2\/pages\/2676\/revisions"}],"predecessor-version":[{"id":2690,"href":"https:\/\/skola-zdar.cz\/zs\/wp-json\/wp\/v2\/pages\/2676\/revisions\/2690"}],"up":[{"embeddable":true,"href":"https:\/\/skola-zdar.cz\/zs\/wp-json\/wp\/v2\/pages\/2674"}],"wp:attachment":[{"href":"https:\/\/skola-zdar.cz\/zs\/wp-json\/wp\/v2\/media?parent=2676"}],"curies":[{"name":"wp","href":"https:\/\/api.w.org\/{rel}","templated":true}]}}