{"id":2678,"date":"2019-02-20T10:27:55","date_gmt":"2019-02-20T09:27:55","guid":{"rendered":"http:\/\/skola-zdar.eu\/zs\/?page_id=2678"},"modified":"2026-01-02T11:37:52","modified_gmt":"2026-01-02T10:37:52","slug":"formulare-k-zapisu","status":"publish","type":"page","link":"https:\/\/skola-zdar.cz\/zs\/zapis\/formulare-k-zapisu\/","title":{"rendered":"Formul\u00e1\u0159e k z\u00e1pisu"},"content":{"rendered":"<ul>\n<li><strong><a href=\"https:\/\/skola-zdar.cz\/zs\/wp-content\/uploads\/2026\/01\/zapisni-list.pdf\" target=\"_blank\" rel=\"noopener\">Z\u00e1pisn\u00ed list<\/a><\/strong><\/li>\n<li><strong><a href=\"https:\/\/skola-zdar.cz\/zs\/wp-content\/uploads\/2026\/01\/zadost-o-odklad-povinne-skolni-dochazky.pdf\" target=\"_blank\" rel=\"noopener\">\u017d\u00e1dost o odklad povinn\u00e9 \u0161koln\u00ed doch\u00e1zky<\/a><\/strong><\/li>\n<\/ul>\n","protected":false},"excerpt":{"rendered":"<p>Z\u00e1pisn\u00ed list \u017d\u00e1dost o odklad povinn\u00e9 \u0161koln\u00ed doch\u00e1zky<\/p>\n","protected":false},"author":1,"featured_media":0,"parent":2674,"menu_order":0,"comment_status":"closed","ping_status":"closed","template":"","meta":[],"_links":{"self":[{"href":"https:\/\/skola-zdar.cz\/zs\/wp-json\/wp\/v2\/pages\/2678"}],"collection":[{"href":"https:\/\/skola-zdar.cz\/zs\/wp-json\/wp\/v2\/pages"}],"about":[{"href":"https:\/\/skola-zdar.cz\/zs\/wp-json\/wp\/v2\/types\/page"}],"author":[{"embeddable":true,"href":"https:\/\/skola-zdar.cz\/zs\/wp-json\/wp\/v2\/users\/1"}],"replies":[{"embeddable":true,"href":"https:\/\/skola-zdar.cz\/zs\/wp-json\/wp\/v2\/comments?post=2678"}],"version-history":[{"count":17,"href":"https:\/\/skola-zdar.cz\/zs\/wp-json\/wp\/v2\/pages\/2678\/revisions"}],"predecessor-version":[{"id":11952,"href":"https:\/\/skola-zdar.cz\/zs\/wp-json\/wp\/v2\/pages\/2678\/revisions\/11952"}],"up":[{"embeddable":true,"href":"https:\/\/skola-zdar.cz\/zs\/wp-json\/wp\/v2\/pages\/2674"}],"wp:attachment":[{"href":"https:\/\/skola-zdar.cz\/zs\/wp-json\/wp\/v2\/media?parent=2678"}],"curies":[{"name":"wp","href":"https:\/\/api.w.org\/{rel}","templated":true}]}}