{"id":2701,"date":"2019-02-25T17:20:58","date_gmt":"2019-02-25T16:20:58","guid":{"rendered":"http:\/\/skola-zdar.eu\/zs\/?page_id=2701"},"modified":"2026-01-02T11:43:14","modified_gmt":"2026-01-02T10:43:14","slug":"informace-k-zapisu","status":"publish","type":"page","link":"https:\/\/skola-zdar.cz\/zs\/zapis\/informace-k-zapisu\/","title":{"rendered":"Informace k z\u00e1pisu 2026\/2027"},"content":{"rendered":"<div class=\"su-spacer\" style=\"height:20px\"><\/div>\n<h2>Z\u00e1pis k povinn\u00e9 \u0161koln\u00ed doch\u00e1zce pro \u0161koln\u00ed rok 2026\/2027<\/h2>\n<p><em>Z\u00e1pis se kon\u00e1 podle \u00a7 36, 37 a 46 z\u00e1kona \u010d. 561\/2004 Sb. (\u0161kolsk\u00fd z\u00e1kon).<\/em><\/p>\n<div class=\"su-spacer\" style=\"height:10px\"><\/div>\n<h3>Z\u00e1pis se uskute\u010dn\u00ed 28. 1. 2026 od 12:30 do 16 hodin. Pro \u0161koln\u00ed rok 2026\/2027 otev\u00edr\u00e1me 20 m\u00edst.<\/h3>\n<div class=\"su-spacer\" style=\"height:20px\"><\/div>\n<h3>P\u0159ed\u0161kol\u00e1k<\/h3>\n<p>D\u00edt\u011b narozen\u00e9 v obdob\u00ed od 1. 9. 2019 do 31. 8. 2020<\/p>\n<div class=\"su-spacer\" style=\"height:20px\"><\/div>\n<h3>Nezapome\u0148te<\/h3>\n<ul>\n<li>K z\u00e1pisu sv\u00e9 d\u00edt\u011b registrujete od 5. ledna 2026 na webov\u00e9 str\u00e1nce <strong><a href=\"https:\/\/zapisdozs.mnhradiste.cz\/\" target=\"_blank\" rel=\"noopener\">https:\/\/zapisdozs.mnhradiste.cz\/<\/a><\/strong> (<a href=\"https:\/\/skola-zdar.cz\/zs\/wp-content\/uploads\/2026\/01\/letacek-zapisy-do-zs-2026-2027.pdf\" target=\"_blank\" rel=\"noopener\">podrobn\u00e9 informace zde<\/a>)<\/li>\n<li>dostavte se <strong>28. ledna 2026 od 12:30 do 16:00 hodin k z\u00e1pisu do budovy Z\u0160 \u017d\u010f\u00e1r, \u017d\u010f\u00e1r 102<\/strong><\/li>\n<li>vezm\u011bte s sebou sv\u016fj OP a rodn\u00fd list d\u00edt\u011bte, t<strong>rval\u00e9 bydli\u0161t\u011b (sp\u00e1dovost) bude zkontrolov\u00e1no dle matriky<\/strong><\/li>\n<li>ciz\u00ed st\u00e1tn\u00ed p\u0159\u00edslu\u0161n\u00edci \u2013 doklad o dlouhodob\u00e9m pobytu<\/li>\n<li>na m\u00edst\u011b z\u00e1pisu vypln\u00edte Z\u00e1pisov\u00fd l\u00edstek, p\u0159\u00edpadn\u011b \u017d\u00e1dost o odklad*<\/li>\n<\/ul>\n<div class=\"su-spacer\" style=\"height:20px\"><\/div>\n<h3>Kdy\u017e p\u0159em\u00fd\u0161l\u00edte o odkladu povinn\u00e9 \u0161koln\u00ed doch\u00e1zky<\/h3>\n<p><em>\u00a7 37 Z\u00e1kona \u010d. 561\/2004 Sb. (\u0161kolsk\u00fd z\u00e1kon)<\/em><\/p>\n<ul>\n<li>novelou \u0161kolsk\u00e9ho z\u00e1kona <strong><u>m\u011bn\u00ed podm\u00ednky<\/u><\/strong> pro povolov\u00e1n\u00ed odklad\u016f povinn\u00e9 \u0161koln\u00ed doch\u00e1zky (<a href=\"https:\/\/skola-zdar.cz\/zs\/wp-content\/uploads\/2026\/01\/informace-k-odkladum.pdf\" target=\"_blank\" rel=\"noopener\">podrobn\u00e9 informace zde<\/a>)<\/li>\n<li>rodi\u010d, kter\u00fd \u017e\u00e1d\u00e1 pro sv\u00e9 d\u00edt\u011b odklad povinn\u00e9 \u0161koln\u00ed doch\u00e1zky, se dostav\u00ed (i s d\u00edt\u011btem) k z\u00e1pisu v \u0159\u00e1dn\u00e9m term\u00ednu z\u00e1pisu<\/li>\n<li>rodi\u010d obdr\u017e\u00ed formul\u00e1\u0159 \u017d\u00e1dost o odklad povinn\u00e9 \u0161koln\u00ed doch\u00e1zky*, vypln\u011bn\u00fd dod\u00e1 zp\u011bt veden\u00ed Z\u0160 a M\u0160 \u017d\u010f\u00e1r, \u017d\u010f\u00e1r 102 nejpozd\u011bji do 15. \u00fanora 2026 spolu s doporu\u010den\u00edm \u0161kolsk\u00e9ho poradensk\u00e9ho za\u0159\u00edzen\u00ed a odborn\u00e9ho l\u00e9ka\u0159e nebo klinick\u00e9ho psychologa<\/li>\n<li><strong>rodi\u010de d\u011bt\u00ed, kter\u00fdm byl odklad ve \u0161koln\u00edm roce 2025\/2026 povolen, mus\u00ed znovu po\u017e\u00e1dat o p\u0159ijet\u00ed k pln\u011bn\u00ed povinn\u00e9 \u0161koln\u00ed doch\u00e1zky<\/strong>, tedy vyplnit \u017d\u00e1dost o p\u0159ijet\u00ed k povinn\u00e9 \u0161koln\u00ed doch\u00e1zce \u20f0<\/li>\n<\/ul>\n<div class=\"su-spacer\" style=\"height:20px\"><\/div>\n<h3>N\u00e1hradn\u00ed term\u00edn z\u00e1pisu<\/h3>\n<p>Pokud se nem\u016f\u017eete z jak\u00e9hokoli d\u016fvodu k z\u00e1pisu dostavit, m\u016f\u017eete n\u00e1s nav\u0161t\u00edvit kter\u00fdkoli pracovn\u00ed den do 15. \u00fanora 2026. V tomto p\u0159\u00edpad\u011b V\u00e1s \u017e\u00e1d\u00e1me o ozn\u00e1men\u00ed t\u00e9to skute\u010dnosti p\u0159edem na e-mail\u00a0<a href=\"mailto:josef.halama@skola-zdar.cz\"><u>josef.halama@skola-zdar.cz<\/u><\/a>\u00a0nebo zavolejte na telefonn\u00ed \u010d\u00edslo\u00a0313 100 515.<\/p>\n<div class=\"su-spacer\" style=\"height:20px\"><\/div>\n<h3>Krit\u00e9ria p\u0159ijet\u00ed k povinn\u00e9 \u0161koln\u00ed doch\u00e1zce<\/h3>\n<ol>\n<li>d\u011bti ze \u0161kolsk\u00e9ho obvodu \u0161koly (Skokovy, \u017dehrov, \u017d\u010f\u00e1r, P\u0159\u00edhrazy, Doubrava, B\u0159ehy)<\/li>\n<li>d\u011bti, jejich\u017e sourozenec je ke dni z\u00e1pisu \u017e\u00e1kem 1. \u2013 5. ro\u010dn\u00edku Z\u0160 \u017d\u010f\u00e1r, \u017d\u010f\u00e1r 102<\/li>\n<li>d\u011bti\u00a0nespl\u0148uj\u00edc\u00ed ani jedno z p\u0159edchoz\u00edch krit\u00e9ri\u00ed (v p\u0159\u00edpad\u011b vy\u0161\u0161\u00edho z\u00e1jmu ne\u017e je po\u010det otev\u00edran\u00fdch m\u00edst bude po\u0159ad\u00ed t\u011bchto d\u011bt\u00ed ur\u010deno losem)<\/li>\n<\/ol>\n<div class=\"su-spacer\" style=\"height:20px\"><\/div>\n<h3>P\u0159ed\u0161kol\u00e1k, kter\u00e9mu dovr\u0161\u00ed v\u011bk 6 let po 1. 9. 2026<\/h3>\n<ul>\n<li>m\u016f\u017ee absolvovat z\u00e1pis v \u0159\u00e1dn\u00e9m term\u00ednu Z\u00e1pisu do 1. t\u0159\u00edd pro \u0161koln\u00ed rok 2026\/2027<\/li>\n<li>mus\u00ed m\u00edt doporu\u010den\u00ed \u2013 pro d\u011bti, kter\u00e9 dos\u00e1hnou v\u011bku 6 let do 31. 12. 2026 doporu\u010den\u00ed z PPP**<\/li>\n<li>mus\u00ed m\u00edt doporu\u010den\u00ed \u2013 pro d\u011bti, kter\u00e9 dos\u00e1hnou v\u011bku 6 let po 31. 12. 2026 doporu\u010den\u00ed z PPP** a od odborn\u00e9ho l\u00e9ka\u0159e<\/li>\n<\/ul>\n<div class=\"su-spacer\" style=\"height:20px\"><\/div>\n<hr \/>\n<p>* mo\u017enost st\u00e1hnout a vyplnit p\u0159edem z na\u0161ich \u0161koln\u00edch\u00a0<a href=\"https:\/\/skola-zdar.cz\/zs\/zapis\/formulare-k-zapisu\/\">webov\u00fdch str\u00e1nek<\/a><br \/>\n** pedagogicko-psychologick\u00e1 poradna<\/p>\n<div class=\"su-spacer\" style=\"height:20px\"><\/div>\n","protected":false},"excerpt":{"rendered":"<p>Z\u00e1pis k povinn\u00e9 \u0161koln\u00ed doch\u00e1zce pro \u0161koln\u00ed rok 2026\/2027 Z\u00e1pis se kon\u00e1 podle \u00a7 36, 37 a 46 z\u00e1kona \u010d. 561\/2004 Sb. (\u0161kolsk\u00fd z\u00e1kon). Z\u00e1pis se uskute\u010dn\u00ed 28. 1. 2026 od 12:30 do 16 hodin. Pro \u0161koln\u00ed rok 2026\/2027 otev\u00edr\u00e1me 20 m\u00edst. P\u0159ed\u0161kol\u00e1k D\u00edt\u011b narozen\u00e9 v obdob\u00ed od 1. 9. 2019 do 31. 8. 2020 [&hellip;]<\/p>\n","protected":false},"author":1,"featured_media":0,"parent":2674,"menu_order":0,"comment_status":"closed","ping_status":"closed","template":"","meta":[],"_links":{"self":[{"href":"https:\/\/skola-zdar.cz\/zs\/wp-json\/wp\/v2\/pages\/2701"}],"collection":[{"href":"https:\/\/skola-zdar.cz\/zs\/wp-json\/wp\/v2\/pages"}],"about":[{"href":"https:\/\/skola-zdar.cz\/zs\/wp-json\/wp\/v2\/types\/page"}],"author":[{"embeddable":true,"href":"https:\/\/skola-zdar.cz\/zs\/wp-json\/wp\/v2\/users\/1"}],"replies":[{"embeddable":true,"href":"https:\/\/skola-zdar.cz\/zs\/wp-json\/wp\/v2\/comments?post=2701"}],"version-history":[{"count":41,"href":"https:\/\/skola-zdar.cz\/zs\/wp-json\/wp\/v2\/pages\/2701\/revisions"}],"predecessor-version":[{"id":11956,"href":"https:\/\/skola-zdar.cz\/zs\/wp-json\/wp\/v2\/pages\/2701\/revisions\/11956"}],"up":[{"embeddable":true,"href":"https:\/\/skola-zdar.cz\/zs\/wp-json\/wp\/v2\/pages\/2674"}],"wp:attachment":[{"href":"https:\/\/skola-zdar.cz\/zs\/wp-json\/wp\/v2\/media?parent=2701"}],"curies":[{"name":"wp","href":"https:\/\/api.w.org\/{rel}","templated":true}]}}