{"id":55,"date":"2017-09-24T22:25:44","date_gmt":"2017-09-24T20:25:44","guid":{"rendered":"http:\/\/skola-zdar.eu\/zs\/?page_id=55"},"modified":"2025-09-01T13:22:42","modified_gmt":"2025-09-01T11:22:42","slug":"zamestnanci-skoly","status":"publish","type":"page","link":"https:\/\/skola-zdar.cz\/zs\/zamestnanci-skoly\/","title":{"rendered":"Zam\u011bstnanci \u0161koly"},"content":{"rendered":"<p><strong>\u0158editel \u0161koly:<\/strong><\/p>\n<ul>\n<li>Mgr. Josef Halama, e-mail: <a href=\"mailto:josef.halama@skola-zdar.cz\">josef.halama@skola-zdar.cz<\/a>\n<div class=\"plain\">\n<div class=\"plain_line\"><em>konzultace s \u0159editelem \u0161koly po p\u0159edchoz\u00ed domluv\u011b<\/em><\/div>\n<\/div>\n<\/li>\n<\/ul>\n<p><strong>U\u010ditelky:<\/strong><\/p>\n<ul>\n<li>Bc. Krist\u00fdna Adamov\u00e1, t\u0159\u00eddn\u00ed 1. ro\u010dn\u00edk, e-mail: <a href=\"mailto:kristyna.adamova@skola-zdar.cz\">kristyna.adamova@skola-zdar.cz<\/a><br \/>\n<em>konzulta\u010dn\u00ed hodiny: sud\u00fd t\u00fdden pond\u011bl\u00ed 14:30 \u2013 15:30<\/em><\/li>\n<li>Mgr. Eli\u0161ka Laurinov\u00e1, t\u0159\u00eddn\u00ed 2. ro\u010dn\u00edk, e-mail: <a href=\"mailto:eliska.laurinova@skola-zdar.cz\">eliska.laurinova@skola-zdar.cz<\/a><br \/>\n<em>konzulta\u010dn\u00ed hodiny: sud\u00fd t\u00fdden pond\u011bl\u00ed 14:30 \u2013 15:30<\/em><\/li>\n<li>Mgr. Monika Fenclov\u00e1, t\u0159\u00eddn\u00ed 3. ro\u010dn\u00edk, e-mail: <a href=\"mailto:monika.fenclova@skola-zdar.cz\">monika.fenclova@skola-zdar.cz<\/a><br \/>\n<em>konzulta\u010dn\u00ed hodiny: sud\u00fd t\u00fdden \u00fater\u00fd 14:30 \u2013 15:30<\/em><\/li>\n<li>Mgr. Monika Rulcov\u00e1, t\u0159\u00eddn\u00ed 4. ro\u010dn\u00edk, e-mail: <a href=\"mailto:monika.rulcova@skola-zdar.cz\">monika.rulcova@skola-zdar.cz<\/a><br \/>\n<em>konzulta\u010dn\u00ed hodiny: lich\u00fd t\u00fdden \u00fater\u00fd 14:30 \u2013 15:30<\/em><\/li>\n<li>Mgr. Veronika Bidzilia, t\u0159\u00eddn\u00ed 5. ro\u010dn\u00edk, e-mail: <a href=\"mailto:veronika.bidzilia@skola-zdar.cz\">veronika.bidzilia@skola-zdar.cz<\/a><br \/>\n<em>konzulta\u010dn\u00ed hodiny: lich\u00fd t\u00fdden st\u0159eda 14:30 \u2013 15:30<\/em><\/li>\n<\/ul>\n<p><strong>Dal\u0161\u00ed pedagogi\u010dt\u00ed pracovn\u00edci:<\/strong><\/p>\n<p>Bc. Petra Hav\u00ed\u0159ov\u00e1, e-mail: <a href=\"mailto:petra.havirova@skola-zdar.cz\">petra.havirova@skola-zdar.cz<\/a><br \/>\nasistentka pedagoga: Jaroslava Pecinov\u00e1, e-mail: <a href=\"mailto:jaroslava.pecinova@skola-zdar.cz\">jaroslava.pecinova@skola-zdar.cz<\/a><br \/>\nasistentka pedagoga: Mgr. Lenka Bro\u017eov\u00e1, e-mail: <a href=\"mailto:lenka.brozova@skola-zdar.cz\">lenka.brozova@skola-zdar.cz<\/a><\/p>\n<p><strong>Vychovatelky:<\/strong><\/p>\n<p>Vedouc\u00ed \u0161koln\u00ed dru\u017einy: Jana Hav\u00ed\u0159ov\u00e1, e-mail: <a href=\"mailto:jana.havirova@skola-zdar.cz\">jana.havirova@skola-zdar.cz<\/a><\/p>\n<p>vychovatelky:<br \/>\nBc. Petra Hav\u00ed\u0159ov\u00e1, e-mail: <a href=\"mailto:petra.havirova@skola-zdar.cz\">petra.havirova@skola-zdar.cz<\/a><br \/>\nJaroslava Pecinov\u00e1, e-mail: <a href=\"mailto:jaroslava.pecinova@skola-zdar.cz\">jaroslava.pecinova@skola-zdar.cz<\/a><\/p>\n<p><strong>Ukl\u00edze\u010dky:<\/strong><\/p>\n<p>Romana Dumkov\u00e1<br \/>\nRenata Flanderkov\u00e1<\/p>\n","protected":false},"excerpt":{"rendered":"<p>\u0158editel \u0161koly: Mgr. Josef Halama, e-mail: josef.halama@skola-zdar.cz konzultace s \u0159editelem \u0161koly po p\u0159edchoz\u00ed domluv\u011b U\u010ditelky: Bc. Krist\u00fdna Adamov\u00e1, t\u0159\u00eddn\u00ed 1. ro\u010dn\u00edk, e-mail: kristyna.adamova@skola-zdar.cz konzulta\u010dn\u00ed hodiny: sud\u00fd t\u00fdden pond\u011bl\u00ed 14:30 \u2013 15:30 Mgr. Eli\u0161ka Laurinov\u00e1, t\u0159\u00eddn\u00ed 2. ro\u010dn\u00edk, e-mail: eliska.laurinova@skola-zdar.cz konzulta\u010dn\u00ed hodiny: sud\u00fd t\u00fdden pond\u011bl\u00ed 14:30 \u2013 15:30 Mgr. Monika Fenclov\u00e1, t\u0159\u00eddn\u00ed 3. ro\u010dn\u00edk, e-mail: monika.fenclova@skola-zdar.cz [&hellip;]<\/p>\n","protected":false},"author":1,"featured_media":0,"parent":0,"menu_order":0,"comment_status":"closed","ping_status":"closed","template":"","meta":[],"_links":{"self":[{"href":"https:\/\/skola-zdar.cz\/zs\/wp-json\/wp\/v2\/pages\/55"}],"collection":[{"href":"https:\/\/skola-zdar.cz\/zs\/wp-json\/wp\/v2\/pages"}],"about":[{"href":"https:\/\/skola-zdar.cz\/zs\/wp-json\/wp\/v2\/types\/page"}],"author":[{"embeddable":true,"href":"https:\/\/skola-zdar.cz\/zs\/wp-json\/wp\/v2\/users\/1"}],"replies":[{"embeddable":true,"href":"https:\/\/skola-zdar.cz\/zs\/wp-json\/wp\/v2\/comments?post=55"}],"version-history":[{"count":39,"href":"https:\/\/skola-zdar.cz\/zs\/wp-json\/wp\/v2\/pages\/55\/revisions"}],"predecessor-version":[{"id":11926,"href":"https:\/\/skola-zdar.cz\/zs\/wp-json\/wp\/v2\/pages\/55\/revisions\/11926"}],"wp:attachment":[{"href":"https:\/\/skola-zdar.cz\/zs\/wp-json\/wp\/v2\/media?parent=55"}],"curies":[{"name":"wp","href":"https:\/\/api.w.org\/{rel}","templated":true}]}}