{"id":9783,"date":"2024-02-16T13:47:56","date_gmt":"2024-02-16T12:47:56","guid":{"rendered":"https:\/\/skola-zdar.eu\/zs\/?page_id=9783"},"modified":"2026-02-23T22:28:29","modified_gmt":"2026-02-23T21:28:29","slug":"vyrocni-zpravy-dle-zakona-c-106-1999-sb","status":"publish","type":"page","link":"https:\/\/skola-zdar.cz\/zs\/vyrocni-zpravy-dle-zakona-c-106-1999-sb\/","title":{"rendered":"V\u00fdro\u010dn\u00ed zpr\u00e1vy dle z\u00e1kona \u010d. 106\/1999 Sb."},"content":{"rendered":"<ul>\n<li><strong><a href=\"https:\/\/skola-zdar.cz\/zs\/wp-content\/uploads\/2026\/02\/vyrocni-zprava-gdpr-2025.pdf\" target=\"_blank\" rel=\"noopener\">V\u00fdro\u010dn\u00ed zpr\u00e1va 2025<\/a><\/strong><\/li>\n<li><strong><a href=\"https:\/\/skola-zdar.cz\/zs\/wp-content\/uploads\/2025\/01\/vyrocni-zprava-gdpr-2024.pdf\" target=\"_blank\" rel=\"noopener\">V\u00fdro\u010dn\u00ed zpr\u00e1va 2024<\/a><\/strong><\/li>\n<li><strong><a href=\"https:\/\/skola-zdar.cz\/zs\/wp-content\/uploads\/2024\/02\/vyrocni-zprava-gdpr-2023.pdf\" target=\"_blank\" rel=\"noopener\">V\u00fdro\u010dn\u00ed zpr\u00e1va 2023<\/a><\/strong><\/li>\n<\/ul>\n","protected":false},"excerpt":{"rendered":"<p>V\u00fdro\u010dn\u00ed zpr\u00e1va 2025 V\u00fdro\u010dn\u00ed zpr\u00e1va 2024 V\u00fdro\u010dn\u00ed zpr\u00e1va 2023<\/p>\n","protected":false},"author":1,"featured_media":0,"parent":0,"menu_order":0,"comment_status":"closed","ping_status":"closed","template":"","meta":[],"_links":{"self":[{"href":"https:\/\/skola-zdar.cz\/zs\/wp-json\/wp\/v2\/pages\/9783"}],"collection":[{"href":"https:\/\/skola-zdar.cz\/zs\/wp-json\/wp\/v2\/pages"}],"about":[{"href":"https:\/\/skola-zdar.cz\/zs\/wp-json\/wp\/v2\/types\/page"}],"author":[{"embeddable":true,"href":"https:\/\/skola-zdar.cz\/zs\/wp-json\/wp\/v2\/users\/1"}],"replies":[{"embeddable":true,"href":"https:\/\/skola-zdar.cz\/zs\/wp-json\/wp\/v2\/comments?post=9783"}],"version-history":[{"count":6,"href":"https:\/\/skola-zdar.cz\/zs\/wp-json\/wp\/v2\/pages\/9783\/revisions"}],"predecessor-version":[{"id":11972,"href":"https:\/\/skola-zdar.cz\/zs\/wp-json\/wp\/v2\/pages\/9783\/revisions\/11972"}],"wp:attachment":[{"href":"https:\/\/skola-zdar.cz\/zs\/wp-json\/wp\/v2\/media?parent=9783"}],"curies":[{"name":"wp","href":"https:\/\/api.w.org\/{rel}","templated":true}]}}